{"id":5046,"date":"2022-09-27T12:33:55","date_gmt":"2022-09-27T10:33:55","guid":{"rendered":"https:\/\/maximilianostia.com\/?page_id=5046"},"modified":"2022-12-03T13:07:08","modified_gmt":"2022-12-03T12:07:08","slug":"espectaculo-de-magia-doma-tus-miedos","status":"publish","type":"page","link":"https:\/\/maximilianostia.com\/en\/espectaculo-de-magia-doma-tus-miedos\/","title":{"rendered":"Espect\u00e1culo de Magia Doma Tus Miedos"},"content":{"rendered":"\n<div style=\"height:30px\" aria-hidden=\"true\" class=\"wp-block-spacer\"><\/div>\n\n\n<div class=\"wp-block-image\">\n<figure class=\"aligncenter size-full\"><img fetchpriority=\"high\" decoding=\"async\" width=\"1000\" height=\"667\" src=\"https:\/\/maximilianostia.com\/wp-content\/uploads\/2022\/10\/e-magia-Maximiliano-Stia-l195161tigo.webp\" alt=\"Show de-magia-Maximiliano-Stia-l\u00e1tigo\" class=\"wp-image-5635\" srcset=\"https:\/\/maximilianostia.com\/wp-content\/uploads\/2022\/10\/e-magia-Maximiliano-Stia-l195161tigo.webp 1000w, https:\/\/maximilianostia.com\/wp-content\/uploads\/2022\/10\/e-magia-Maximiliano-Stia-l195161tigo-300x200.webp 300w, https:\/\/maximilianostia.com\/wp-content\/uploads\/2022\/10\/e-magia-Maximiliano-Stia-l195161tigo-768x512.webp 768w, https:\/\/maximilianostia.com\/wp-content\/uploads\/2022\/10\/e-magia-Maximiliano-Stia-l195161tigo-370x247.webp 370w, https:\/\/maximilianostia.com\/wp-content\/uploads\/2022\/10\/e-magia-Maximiliano-Stia-l195161tigo-760x507.webp 760w\" sizes=\"(max-width: 1000px) 100vw, 1000px\" \/><figcaption class=\"wp-element-caption\">El Show Doma tus miedos pensado para la superaci\u00f3n en el mundo empresarial<\/figcaption><\/figure><\/div>\n\n\n<h2 class=\"wp-block-heading\">Espect\u00e1culo de Magia Doma tus Miedos<\/h2>\n\n\n\n<p>Este espect\u00e1culo de Magia Doma tus Miedos es muy entretenido y sorprendente sobre cualquier escenario de evento corporativo. Es un show que proyecta un mensaje de superaci\u00f3n a la vez que el p\u00fablico se entretiene y divierte.<\/p>\n\n\n\n<p>El mundo empresarial en general vive un constante cambio, y cada vez m\u00e1s debemos ser capases se encontrar soluciones a los nuevos problemas. Debemos estar preparados para afrontar las nuevas amenazas y sus miedos.<\/p>\n\n\n\n<div style=\"height:30px\" aria-hidden=\"true\" class=\"wp-block-spacer\"><\/div>\n\n\n<div class=\"wp-block-image\">\n<figure class=\"aligncenter size-large\"><img decoding=\"async\" width=\"1024\" height=\"385\" src=\"https:\/\/maximilianostia.com\/wp-content\/uploads\/2022\/10\/Doma-tus-miedos-espectaculo-empresarial-mago-maximiliano-stia-1024x385.webp\" alt=\"Doma tus miedos espectaculo empresarial mago maximiliano stia\" class=\"wp-image-5463\" srcset=\"https:\/\/maximilianostia.com\/wp-content\/uploads\/2022\/10\/Doma-tus-miedos-espectaculo-empresarial-mago-maximiliano-stia-1024x385.webp 1024w, https:\/\/maximilianostia.com\/wp-content\/uploads\/2022\/10\/Doma-tus-miedos-espectaculo-empresarial-mago-maximiliano-stia-300x113.webp 300w, https:\/\/maximilianostia.com\/wp-content\/uploads\/2022\/10\/Doma-tus-miedos-espectaculo-empresarial-mago-maximiliano-stia-768x288.webp 768w, https:\/\/maximilianostia.com\/wp-content\/uploads\/2022\/10\/Doma-tus-miedos-espectaculo-empresarial-mago-maximiliano-stia-1536x577.webp 1536w, https:\/\/maximilianostia.com\/wp-content\/uploads\/2022\/10\/Doma-tus-miedos-espectaculo-empresarial-mago-maximiliano-stia-370x139.webp 370w, https:\/\/maximilianostia.com\/wp-content\/uploads\/2022\/10\/Doma-tus-miedos-espectaculo-empresarial-mago-maximiliano-stia-760x285.webp 760w, https:\/\/maximilianostia.com\/wp-content\/uploads\/2022\/10\/Doma-tus-miedos-espectaculo-empresarial-mago-maximiliano-stia.webp 1920w\" sizes=\"(max-width: 1024px) 100vw, 1024px\" \/><\/figure><\/div>\n\n\n<div style=\"height:30px\" aria-hidden=\"true\" class=\"wp-block-spacer\"><\/div>\n\n\n\n<p>Este n\u00famero de actuaci\u00f3n esta dise\u00f1ado para ser muy din\u00e1mico, ya que utilizo todas mis habilidades desarrolladas en el mundo del circo, para demostrar que uno es mucho m\u00e1s valiente y poderoso de lo que piensa.<\/p>\n\n\n\n<p>En el show trazo un paralelismo con mi propia experiencia personal, relato cuales fueron mis miedos e inseguridades y como los super\u00e9 para convertirme en el artista que soy ahora. Este concepto puede adaptarse a la filosof\u00eda de cualquier empresa que quiera reforzar la confianza de sus empleados ante un nuevo desaf\u00edo.<\/p>\n\n\n\n<p>Durante este show utilizo diferentes n\u00fameros de magia divertidos y muy entretenidos, pero sobre todo sirven para demostrar que el miedo puede desaparecer con un chasquido de dedos, y en el show lo demuestro.<\/p>\n\n\n\n<div style=\"height:30px\" aria-hidden=\"true\" class=\"wp-block-spacer\"><\/div>\n\n\n\n<figure class=\"wp-block-image size-large\"><img decoding=\"async\" width=\"1024\" height=\"384\" src=\"https:\/\/maximilianostia.com\/wp-content\/uploads\/2022\/10\/Doma-tus-miedos-espectaculo-ecorporativo-maximiliano-stia-e1664906027198-1024x384.webp\" alt=\"Doma tus miedos espectaculo ecorporativo maximiliano stia\" class=\"wp-image-5462\" srcset=\"https:\/\/maximilianostia.com\/wp-content\/uploads\/2022\/10\/Doma-tus-miedos-espectaculo-ecorporativo-maximiliano-stia-e1664906027198-1024x384.webp 1024w, https:\/\/maximilianostia.com\/wp-content\/uploads\/2022\/10\/Doma-tus-miedos-espectaculo-ecorporativo-maximiliano-stia-e1664906027198-300x113.webp 300w, https:\/\/maximilianostia.com\/wp-content\/uploads\/2022\/10\/Doma-tus-miedos-espectaculo-ecorporativo-maximiliano-stia-e1664906027198-768x288.webp 768w, https:\/\/maximilianostia.com\/wp-content\/uploads\/2022\/10\/Doma-tus-miedos-espectaculo-ecorporativo-maximiliano-stia-e1664906027198-370x139.webp 370w, https:\/\/maximilianostia.com\/wp-content\/uploads\/2022\/10\/Doma-tus-miedos-espectaculo-ecorporativo-maximiliano-stia-e1664906027198-760x285.webp 760w, https:\/\/maximilianostia.com\/wp-content\/uploads\/2022\/10\/Doma-tus-miedos-espectaculo-ecorporativo-maximiliano-stia-e1664906027198.webp 1100w\" sizes=\"(max-width: 1024px) 100vw, 1024px\" \/><\/figure>\n\n\n\n<h3 class=\"wp-block-heading\">Lleva este show a tu Evento Corporativo<\/h3>\n\n\n\n<p>El espect\u00e1culo de magia&nbsp;<strong>Doma tus Miedos <\/strong>es exclusivo de <a href=\"https:\/\/maximilianostia.com\/biografia-del-mago-maximiliano-stia\/\">Maximiliano Stia<\/a> y <a rel=\"noreferrer noopener\" href=\"https:\/\/elpalaciodelamagia.com\/teatro-magico\/\" target=\"_blank\">El Palacio de la Magia<\/a>. <\/p>\n\n\n\n<p>Si quieres informarte de este espect\u00e1culo para llevarlo a tu evento corporativo, te invito a completar el siguiente formulario sin compromiso. Mi equipo y yo esteremos encantados de resolver todas tus inquietudes. \u00a1H\u00e1blanos de tu evento corporativo!<\/p>\n\n\n\n<div style=\"height:20px\" aria-hidden=\"true\" class=\"wp-block-spacer\"><\/div>\n\n\n<div class=\"wp-block-image\">\n<figure class=\"aligncenter size-full\"><img loading=\"lazy\" decoding=\"async\" width=\"1000\" height=\"562\" src=\"https:\/\/maximilianostia.com\/wp-content\/uploads\/2022\/09\/Maximiliano-Stia-Doma-tus-Miedos-Latigo-Barcelona.webp\" alt=\"Maximiliano Stia Doma tus Miedos Latigo Barcelona\" class=\"wp-image-4961\" srcset=\"https:\/\/maximilianostia.com\/wp-content\/uploads\/2022\/09\/Maximiliano-Stia-Doma-tus-Miedos-Latigo-Barcelona.webp 1000w, https:\/\/maximilianostia.com\/wp-content\/uploads\/2022\/09\/Maximiliano-Stia-Doma-tus-Miedos-Latigo-Barcelona-300x169.webp 300w, https:\/\/maximilianostia.com\/wp-content\/uploads\/2022\/09\/Maximiliano-Stia-Doma-tus-Miedos-Latigo-Barcelona-768x432.webp 768w, https:\/\/maximilianostia.com\/wp-content\/uploads\/2022\/09\/Maximiliano-Stia-Doma-tus-Miedos-Latigo-Barcelona-370x208.webp 370w, https:\/\/maximilianostia.com\/wp-content\/uploads\/2022\/09\/Maximiliano-Stia-Doma-tus-Miedos-Latigo-Barcelona-760x427.webp 760w, https:\/\/maximilianostia.com\/wp-content\/uploads\/2022\/09\/Maximiliano-Stia-Doma-tus-Miedos-Latigo-Barcelona-270x152.webp 270w\" sizes=\"(max-width: 1000px) 100vw, 1000px\" \/><figcaption class=\"wp-element-caption\">El Mago y Presentador Maximiliano Stia con L\u00e1tigo en Mano<\/figcaption><\/figure><\/div>\n\n\n<div style=\"height:60px\" aria-hidden=\"true\" class=\"wp-block-spacer\"><\/div>\n\n\n<div class=\"wpforms-container \" id=\"wpforms-5014\"><form id=\"wpforms-form-5014\" class=\"wpforms-validate wpforms-form wpforms-ajax-form\" data-formid=\"5014\" method=\"post\" enctype=\"multipart\/form-data\" action=\"\/en\/wp-json\/wp\/v2\/pages\/5046\" data-token=\"35a403306ed212aabbddd819378292c6\"><noscript class=\"wpforms-error-noscript\">Please enable JavaScript in your browser to complete this form.<\/noscript><div class=\"wpforms-field-container\"><div id=\"wpforms-5014-field_0-container\" class=\"wpforms-field wpforms-field-name\" data-field-id=\"0\"><label class=\"wpforms-field-label\" for=\"wpforms-5014-field_0\">Nombre <span class=\"wpforms-required-label\">*<\/span><\/label><input type=\"text\" id=\"wpforms-5014-field_0\" class=\"wpforms-field-medium wpforms-field-required\" name=\"wpforms[fields][0]\" required><\/div><div id=\"wpforms-5014-field_1-container\" class=\"wpforms-field wpforms-field-email\" data-field-id=\"1\"><label class=\"wpforms-field-label\" for=\"wpforms-5014-field_1\">Correo electr\u00f3nico <span class=\"wpforms-required-label\">*<\/span><\/label><input type=\"email\" id=\"wpforms-5014-field_1\" class=\"wpforms-field-medium wpforms-field-required\" name=\"wpforms[fields][1]\" required><\/div><div id=\"wpforms-5014-field_4-container\" class=\"wpforms-field wpforms-field-phone\" data-field-id=\"4\"><label class=\"wpforms-field-label\" for=\"wpforms-5014-field_4\">Whatsapp<\/label><input type=\"tel\" id=\"wpforms-5014-field_4\" class=\"wpforms-field-medium wpforms-smart-phone-field\" data-rule-smart-phone-field=\"true\" name=\"wpforms[fields][4]\" ><\/div><div id=\"wpforms-5014-field_8-container\" class=\"wpforms-field wpforms-field-text\" data-field-id=\"8\"><label class=\"wpforms-field-label\" for=\"wpforms-5014-field_8\">Indica Lugar de Evento <\/label><input type=\"text\" id=\"wpforms-5014-field_8\" class=\"wpforms-field-medium\" name=\"wpforms[fields][8]\" ><\/div><div id=\"wpforms-5014-field_3-container\" class=\"wpforms-field wpforms-field-select wpforms-field-select-style-classic\" data-field-id=\"3\"><label class=\"wpforms-field-label\" for=\"wpforms-5014-field_3\">\u00bfEn qu\u00e9 show est\u00e1s interesada\/o?<\/label><select id=\"wpforms-5014-field_3\" class=\"wpforms-field-medium\" name=\"wpforms[fields][3]\"><option value=\"Informaci\u00f3n General\" >Informaci\u00f3n General<\/option><option value=\"The Showman\" >The Showman<\/option><option value=\"Freak Museum \" >Freak Museum <\/option><option value=\"Magic Cotton Candy\" >Magic Cotton Candy<\/option><option value=\"Zoltar de la Fortuna\" >Zoltar de la Fortuna<\/option><option value=\"Cartonutti\" >Cartonutti<\/option><option value=\"Elephant Magic Show\" >Elephant Magic Show<\/option><option value=\"Magia para Ni\u00f1os\" >Magia para Ni\u00f1os<\/option><option value=\"Doma tus Miedos\" >Doma tus Miedos<\/option><\/select><\/div><div id=\"wpforms-5014-field_5-container\" class=\"wpforms-field wpforms-field-select wpforms-field-select-style-classic\" data-field-id=\"5\"><label class=\"wpforms-field-label\" for=\"wpforms-5014-field_5\">\u00bfQue tipo de Evento?<\/label><select id=\"wpforms-5014-field_5\" class=\"wpforms-field-medium\" name=\"wpforms[fields][5]\"><option value=\"Fiestas Patronales\/Festivales\" >Fiestas Patronales\/Festivales<\/option><option value=\"Boda\/Bautizo\/Comuni\u00f3n\" >Boda\/Bautizo\/Comuni\u00f3n<\/option><option value=\"Cumplea\u00f1os\" >Cumplea\u00f1os<\/option><option value=\"Otros\" >Otros<\/option><\/select><\/div><div id=\"wpforms-5014-field_2-container\" class=\"wpforms-field wpforms-field-textarea\" data-field-id=\"2\"><label class=\"wpforms-field-label\" for=\"wpforms-5014-field_2\">Comentario o mensaje<\/label><textarea id=\"wpforms-5014-field_2\" class=\"wpforms-field-medium\" name=\"wpforms[fields][2]\" ><\/textarea><\/div><\/div><div class=\"wpforms-recaptcha-container wpforms-is-recaptcha\"><div class=\"g-recaptcha\" data-sitekey=\"6LfzLjUiAAAAAIsdNlCVOfA59KqXLmk2QUZdSg_g\" data-size=\"invisible\"><\/div><\/div><div class=\"wpforms-submit-container\"><input type=\"hidden\" name=\"wpforms[id]\" value=\"5014\"><input type=\"hidden\" name=\"wpforms[author]\" value=\"1\"><button type=\"submit\" name=\"wpforms[submit]\" id=\"wpforms-submit-5014\" class=\"wpforms-submit\" data-alt-text=\"Enviando...\" data-submit-text=\"Enviar\" aria-live=\"assertive\" value=\"wpforms-submit\">Enviar<\/button><img loading=\"lazy\" decoding=\"async\" src=\"https:\/\/maximilianostia.com\/wp-content\/plugins\/wpforms\/assets\/images\/submit-spin.svg\" class=\"wpforms-submit-spinner\" style=\"display: none;\" width=\"26\" height=\"26\" alt=\"Loading\"><\/div><\/form><\/div>  <!-- .wpforms-container -->","protected":false},"excerpt":{"rendered":"<p>Espect\u00e1culo de Magia Doma tus Miedos Este espect\u00e1culo de Magia Doma tus Miedos es muy entretenido y sorprendente sobre cualquier&hellip;<\/p>","protected":false},"author":1,"featured_media":0,"parent":0,"menu_order":15,"comment_status":"closed","ping_status":"closed","template":"","meta":{"footnotes":""},"yst_prominent_words":[],"class_list":["post-5046","page","type-page","status-publish","hentry"],"_links":{"self":[{"href":"https:\/\/maximilianostia.com\/en\/wp-json\/wp\/v2\/pages\/5046","targetHints":{"allow":["GET"]}}],"collection":[{"href":"https:\/\/maximilianostia.com\/en\/wp-json\/wp\/v2\/pages"}],"about":[{"href":"https:\/\/maximilianostia.com\/en\/wp-json\/wp\/v2\/types\/page"}],"author":[{"embeddable":true,"href":"https:\/\/maximilianostia.com\/en\/wp-json\/wp\/v2\/users\/1"}],"replies":[{"embeddable":true,"href":"https:\/\/maximilianostia.com\/en\/wp-json\/wp\/v2\/comments?post=5046"}],"version-history":[{"count":11,"href":"https:\/\/maximilianostia.com\/en\/wp-json\/wp\/v2\/pages\/5046\/revisions"}],"predecessor-version":[{"id":5735,"href":"https:\/\/maximilianostia.com\/en\/wp-json\/wp\/v2\/pages\/5046\/revisions\/5735"}],"wp:attachment":[{"href":"https:\/\/maximilianostia.com\/en\/wp-json\/wp\/v2\/media?parent=5046"}],"wp:term":[{"taxonomy":"yst_prominent_words","embeddable":true,"href":"https:\/\/maximilianostia.com\/en\/wp-json\/wp\/v2\/yst_prominent_words?post=5046"}],"curies":[{"name":"wp","href":"https:\/\/api.w.org\/{rel}","templated":true}]}}