{"id":5042,"date":"2022-09-27T12:30:48","date_gmt":"2022-09-27T10:30:48","guid":{"rendered":"https:\/\/maximilianostia.com\/?page_id=5042"},"modified":"2022-12-03T13:03:33","modified_gmt":"2022-12-03T12:03:33","slug":"espectaculo-de-magia-para-ninos","status":"publish","type":"page","link":"https:\/\/maximilianostia.com\/en\/espectaculo-de-magia-para-ninos\/","title":{"rendered":"Magic show For Children"},"content":{"rendered":"<div class=\"wp-block-image\">\n<figure class=\"aligncenter size-large is-resized\"><img fetchpriority=\"high\" decoding=\"async\" src=\"https:\/\/maximilianostia.com\/wp-content\/uploads\/2022\/09\/Maximiliano-Stia-Magia-para-Ninos-Colegios-en-Barcelona-768x1024.webp\" alt=\"Maximiliano-Stia-Magia-para-Ni\u00f1os-Colegios-en-Barcelona\" class=\"wp-image-4933\" width=\"768\" height=\"1024\" srcset=\"https:\/\/maximilianostia.com\/wp-content\/uploads\/2022\/09\/Maximiliano-Stia-Magia-para-Ninos-Colegios-en-Barcelona-768x1024.webp 768w, https:\/\/maximilianostia.com\/wp-content\/uploads\/2022\/09\/Maximiliano-Stia-Magia-para-Ninos-Colegios-en-Barcelona-225x300.webp 225w, https:\/\/maximilianostia.com\/wp-content\/uploads\/2022\/09\/Maximiliano-Stia-Magia-para-Ninos-Colegios-en-Barcelona-370x493.webp 370w, https:\/\/maximilianostia.com\/wp-content\/uploads\/2022\/09\/Maximiliano-Stia-Magia-para-Ninos-Colegios-en-Barcelona-760x1013.webp 760w, https:\/\/maximilianostia.com\/wp-content\/uploads\/2022\/09\/Maximiliano-Stia-Magia-para-Ninos-Colegios-en-Barcelona.webp 900w\" sizes=\"(max-width: 768px) 100vw, 768px\" \/><\/figure><\/div>\n\n\n<h2 class=\"wp-block-heading\">Espect\u00e1culo de Magia Para Ni\u00f1os<\/h2>\n\n\n\n<p>Si est\u00e1s buscando un espect\u00e1culo de magia para ni\u00f1os tengo un show que re\u00fane todas las condiciones para que tu celebraci\u00f3n sea un rotundo \u00e9xito.<\/p>\n\n\n\n<p>En mi show todos los ni\u00f1os son los verdaderos protagonistas. Mi actuaci\u00f3n es participativa todo el tiempo, sorprendo constantemente con disparatados y asombrosos trucos de Magia. Pero sobre todo consigo algo muy dif\u00edcil en los tiempos que corren: Capto su atenci\u00f3n.<\/p>\n\n\n\n<div style=\"height:30px\" aria-hidden=\"true\" class=\"wp-block-spacer\"><\/div>\n\n\n\n<figure class=\"wp-block-embed is-type-video is-provider-youtube wp-block-embed-youtube wp-embed-aspect-16-9 wp-has-aspect-ratio\"><div class=\"wp-block-embed__wrapper\">\n<iframe title=\"Show de magia para ni\u00f1os\" width=\"1170\" height=\"658\" src=\"https:\/\/www.youtube.com\/embed\/UD_M1KVorMo?feature=oembed\" frameborder=\"0\" allow=\"accelerometer; autoplay; clipboard-write; encrypted-media; gyroscope; picture-in-picture\" allowfullscreen><\/iframe>\n<\/div><\/figure>\n\n\n\n<div style=\"height:60px\" aria-hidden=\"true\" class=\"wp-block-spacer\"><\/div>\n\n\n\n<p>Trabajar con un p\u00fablico espectador enteramente de ni\u00f1os no es una tarea f\u00e1cil, requiere una habilidad para poder comunicarse y conectar con ellos. Adem\u00e1s si lo haces de coraz\u00f3n y desempe\u00f1as el show con cari\u00f1o ellos siempre ser\u00e1n m\u00e1s receptivos.<\/p>\n\n\n\n<p>Este espect\u00e1culo de <strong>magia para ni\u00f1os<\/strong> tiene una preparaci\u00f3n previa, ya que no todas las edades son lo mismo. Los a\u00f1os que llevo en los escenarios me ayudan a identificar que es lo que gusta a cada grupo, no es lo mismo un ni\u00f1o de 5 que uno de 11 a\u00f1os. Para cada nivel hay que estudiar la actuaci\u00f3n que corresponde, de esta manera me aseguro que mantendr\u00e9 a ese grupo atento y entretenido todo el show.<\/p>\n\n\n\n<div style=\"height:30px\" aria-hidden=\"true\" class=\"wp-block-spacer\"><\/div>\n\n\n\n<figure class=\"wp-block-image size-full\"><img decoding=\"async\" width=\"1000\" height=\"665\" src=\"https:\/\/maximilianostia.com\/wp-content\/uploads\/2022\/09\/ximiliano_Stia_Magia_Para_Ni195177os.webp\" alt=\"Maximiliano_Stia_Magia_Magia para ni\u00f1os\" class=\"wp-image-4939\" srcset=\"https:\/\/maximilianostia.com\/wp-content\/uploads\/2022\/09\/ximiliano_Stia_Magia_Para_Ni195177os.webp 1000w, https:\/\/maximilianostia.com\/wp-content\/uploads\/2022\/09\/ximiliano_Stia_Magia_Para_Ni195177os-300x200.webp 300w, https:\/\/maximilianostia.com\/wp-content\/uploads\/2022\/09\/ximiliano_Stia_Magia_Para_Ni195177os-768x511.webp 768w, https:\/\/maximilianostia.com\/wp-content\/uploads\/2022\/09\/ximiliano_Stia_Magia_Para_Ni195177os-370x246.webp 370w, https:\/\/maximilianostia.com\/wp-content\/uploads\/2022\/09\/ximiliano_Stia_Magia_Para_Ni195177os-760x505.webp 760w\" sizes=\"(max-width: 1000px) 100vw, 1000px\" \/><\/figure>\n\n\n\n<h3 class=\"wp-block-heading\">Lleva este show a tu Evento<\/h3>\n\n\n\n<p>El espect\u00e1culo de<strong> Magia para Ni\u00f1os<\/strong>&nbsp;puede ser un show que se programe en&nbsp;<a rel=\"noreferrer noopener\" href=\"https:\/\/elpalaciodelamagia.com\/teatro-magico\/\" target=\"_blank\">El Palacio de la Magia<\/a>. Consulta todas las programaciones semanales para enterarte de todos&nbsp;<strong><a href=\"https:\/\/maximilianostia.com\/espectaculos-de-maximiliano-stia\/\">mis shows<\/a><\/strong>&nbsp;u otras funciones de artistas invitados.<\/p>\n\n\n\n<div style=\"height:20px\" aria-hidden=\"true\" class=\"wp-block-spacer\"><\/div>\n\n\n<div class=\"wp-block-image\">\n<figure class=\"aligncenter size-large\"><img decoding=\"async\" width=\"1024\" height=\"410\" src=\"https:\/\/maximilianostia.com\/wp-content\/uploads\/2022\/10\/Maximiliano-Stia-Show-Barcelona-Magia-para-Ninos-1024x410.webp\" alt=\"Maximiliano-Stia-Show-Barcelona Magia para Ni\u00f1os\" class=\"wp-image-5609\" srcset=\"https:\/\/maximilianostia.com\/wp-content\/uploads\/2022\/10\/Maximiliano-Stia-Show-Barcelona-Magia-para-Ninos-1024x410.webp 1024w, https:\/\/maximilianostia.com\/wp-content\/uploads\/2022\/10\/Maximiliano-Stia-Show-Barcelona-Magia-para-Ninos-300x120.webp 300w, https:\/\/maximilianostia.com\/wp-content\/uploads\/2022\/10\/Maximiliano-Stia-Show-Barcelona-Magia-para-Ninos-768x307.webp 768w, https:\/\/maximilianostia.com\/wp-content\/uploads\/2022\/10\/Maximiliano-Stia-Show-Barcelona-Magia-para-Ninos-370x148.webp 370w, https:\/\/maximilianostia.com\/wp-content\/uploads\/2022\/10\/Maximiliano-Stia-Show-Barcelona-Magia-para-Ninos-760x304.webp 760w, https:\/\/maximilianostia.com\/wp-content\/uploads\/2022\/10\/Maximiliano-Stia-Show-Barcelona-Magia-para-Ninos.webp 1200w\" sizes=\"(max-width: 1024px) 100vw, 1024px\" \/><figcaption class=\"wp-element-caption\">Maximiliano Stia Comenzando el Show y los Ni\u00f1os Sorprendidos<\/figcaption><\/figure><\/div>\n\n\n<div style=\"height:20px\" aria-hidden=\"true\" class=\"wp-block-spacer\"><\/div>\n\n\n\n<p>Si lo que quieres es informarte de este espect\u00e1culo para llevarlo a tu evento, te invito a completar el siguiente formulario sin compromiso. Mi equipo y yo esteremos encantados de resolver todas tus inquietudes. \u00a1H\u00e1blanos de tu evento!<\/p>\n\n\n\n<div style=\"height:100px\" aria-hidden=\"true\" class=\"wp-block-spacer\"><\/div>\n\n\n<div class=\"wpforms-container \" id=\"wpforms-5014\"><form id=\"wpforms-form-5014\" class=\"wpforms-validate wpforms-form wpforms-ajax-form\" data-formid=\"5014\" method=\"post\" enctype=\"multipart\/form-data\" action=\"\/en\/wp-json\/wp\/v2\/pages\/5042\" data-token=\"9186589a1e4b633f2e2fe6ec4ffbf30d\"><noscript class=\"wpforms-error-noscript\">Please enable JavaScript in your browser to complete this form.<\/noscript><div class=\"wpforms-field-container\"><div id=\"wpforms-5014-field_0-container\" class=\"wpforms-field wpforms-field-name\" data-field-id=\"0\"><label class=\"wpforms-field-label\" for=\"wpforms-5014-field_0\">Nombre <span class=\"wpforms-required-label\">*<\/span><\/label><input type=\"text\" id=\"wpforms-5014-field_0\" class=\"wpforms-field-medium wpforms-field-required\" name=\"wpforms[fields][0]\" required><\/div><div id=\"wpforms-5014-field_1-container\" class=\"wpforms-field wpforms-field-email\" data-field-id=\"1\"><label class=\"wpforms-field-label\" for=\"wpforms-5014-field_1\">Correo electr\u00f3nico <span class=\"wpforms-required-label\">*<\/span><\/label><input type=\"email\" id=\"wpforms-5014-field_1\" class=\"wpforms-field-medium wpforms-field-required\" name=\"wpforms[fields][1]\" required><\/div><div id=\"wpforms-5014-field_4-container\" class=\"wpforms-field wpforms-field-phone\" data-field-id=\"4\"><label class=\"wpforms-field-label\" for=\"wpforms-5014-field_4\">Whatsapp<\/label><input type=\"tel\" id=\"wpforms-5014-field_4\" class=\"wpforms-field-medium wpforms-smart-phone-field\" data-rule-smart-phone-field=\"true\" name=\"wpforms[fields][4]\" ><\/div><div id=\"wpforms-5014-field_8-container\" class=\"wpforms-field wpforms-field-text\" data-field-id=\"8\"><label class=\"wpforms-field-label\" for=\"wpforms-5014-field_8\">Indica Lugar de Evento <\/label><input type=\"text\" id=\"wpforms-5014-field_8\" class=\"wpforms-field-medium\" name=\"wpforms[fields][8]\" ><\/div><div id=\"wpforms-5014-field_3-container\" class=\"wpforms-field wpforms-field-select wpforms-field-select-style-classic\" data-field-id=\"3\"><label class=\"wpforms-field-label\" for=\"wpforms-5014-field_3\">\u00bfEn qu\u00e9 show est\u00e1s interesada\/o?<\/label><select id=\"wpforms-5014-field_3\" class=\"wpforms-field-medium\" name=\"wpforms[fields][3]\"><option value=\"Informaci\u00f3n General\" >Informaci\u00f3n General<\/option><option value=\"The Showman\" >The Showman<\/option><option value=\"Freak Museum \" >Freak Museum <\/option><option value=\"Magic Cotton Candy\" >Magic Cotton Candy<\/option><option value=\"Zoltar de la Fortuna\" >Zoltar de la Fortuna<\/option><option value=\"Cartonutti\" >Cartonutti<\/option><option value=\"Elephant Magic Show\" >Elephant Magic Show<\/option><option value=\"Magia para Ni\u00f1os\" >Magia para Ni\u00f1os<\/option><option value=\"Doma tus Miedos\" >Doma tus Miedos<\/option><\/select><\/div><div id=\"wpforms-5014-field_5-container\" class=\"wpforms-field wpforms-field-select wpforms-field-select-style-classic\" data-field-id=\"5\"><label class=\"wpforms-field-label\" for=\"wpforms-5014-field_5\">\u00bfQue tipo de Evento?<\/label><select id=\"wpforms-5014-field_5\" class=\"wpforms-field-medium\" name=\"wpforms[fields][5]\"><option value=\"Fiestas Patronales\/Festivales\" >Fiestas Patronales\/Festivales<\/option><option value=\"Boda\/Bautizo\/Comuni\u00f3n\" >Boda\/Bautizo\/Comuni\u00f3n<\/option><option value=\"Cumplea\u00f1os\" >Cumplea\u00f1os<\/option><option value=\"Otros\" >Otros<\/option><\/select><\/div><div id=\"wpforms-5014-field_2-container\" class=\"wpforms-field wpforms-field-textarea\" data-field-id=\"2\"><label class=\"wpforms-field-label\" for=\"wpforms-5014-field_2\">Comentario o mensaje<\/label><textarea id=\"wpforms-5014-field_2\" class=\"wpforms-field-medium\" name=\"wpforms[fields][2]\" ><\/textarea><\/div><\/div><div class=\"wpforms-recaptcha-container wpforms-is-recaptcha\"><div class=\"g-recaptcha\" data-sitekey=\"6LfzLjUiAAAAAIsdNlCVOfA59KqXLmk2QUZdSg_g\" data-size=\"invisible\"><\/div><\/div><div class=\"wpforms-submit-container\"><input type=\"hidden\" name=\"wpforms[id]\" value=\"5014\"><input type=\"hidden\" name=\"wpforms[author]\" value=\"1\"><button type=\"submit\" name=\"wpforms[submit]\" id=\"wpforms-submit-5014\" class=\"wpforms-submit\" data-alt-text=\"Enviando...\" data-submit-text=\"Enviar\" aria-live=\"assertive\" value=\"wpforms-submit\">Enviar<\/button><img loading=\"lazy\" decoding=\"async\" src=\"https:\/\/maximilianostia.com\/wp-content\/plugins\/wpforms\/assets\/images\/submit-spin.svg\" class=\"wpforms-submit-spinner\" style=\"display: none;\" width=\"26\" height=\"26\" alt=\"Loading\"><\/div><\/form><\/div>  <!-- .wpforms-container -->","protected":false},"excerpt":{"rendered":"<p>Espect\u00e1culo de Magia Para Ni\u00f1os Si est\u00e1s buscando un espect\u00e1culo de magia para ni\u00f1os tengo un show que re\u00fane todas&hellip;<\/p>","protected":false},"author":1,"featured_media":0,"parent":0,"menu_order":14,"comment_status":"closed","ping_status":"closed","template":"","meta":{"footnotes":""},"yst_prominent_words":[],"class_list":["post-5042","page","type-page","status-publish","hentry"],"_links":{"self":[{"href":"https:\/\/maximilianostia.com\/en\/wp-json\/wp\/v2\/pages\/5042","targetHints":{"allow":["GET"]}}],"collection":[{"href":"https:\/\/maximilianostia.com\/en\/wp-json\/wp\/v2\/pages"}],"about":[{"href":"https:\/\/maximilianostia.com\/en\/wp-json\/wp\/v2\/types\/page"}],"author":[{"embeddable":true,"href":"https:\/\/maximilianostia.com\/en\/wp-json\/wp\/v2\/users\/1"}],"replies":[{"embeddable":true,"href":"https:\/\/maximilianostia.com\/en\/wp-json\/wp\/v2\/comments?post=5042"}],"version-history":[{"count":10,"href":"https:\/\/maximilianostia.com\/en\/wp-json\/wp\/v2\/pages\/5042\/revisions"}],"predecessor-version":[{"id":5733,"href":"https:\/\/maximilianostia.com\/en\/wp-json\/wp\/v2\/pages\/5042\/revisions\/5733"}],"wp:attachment":[{"href":"https:\/\/maximilianostia.com\/en\/wp-json\/wp\/v2\/media?parent=5042"}],"wp:term":[{"taxonomy":"yst_prominent_words","embeddable":true,"href":"https:\/\/maximilianostia.com\/en\/wp-json\/wp\/v2\/yst_prominent_words?post=5042"}],"curies":[{"name":"wp","href":"https:\/\/api.w.org\/{rel}","templated":true}]}}