{"id":5038,"date":"2022-09-27T12:27:35","date_gmt":"2022-09-27T10:27:35","guid":{"rendered":"https:\/\/maximilianostia.com\/?page_id=5038"},"modified":"2022-12-03T13:01:41","modified_gmt":"2022-12-03T12:01:41","slug":"esectaculo-de-magia-elephant-magic-show","status":"publish","type":"page","link":"https:\/\/maximilianostia.com\/en\/esectaculo-de-magia-elephant-magic-show\/","title":{"rendered":"Magic show-Elephant Magic Show"},"content":{"rendered":"<div class=\"wp-block-image\">\n<figure class=\"aligncenter size-full\"><img fetchpriority=\"high\" decoding=\"async\" width=\"864\" height=\"1000\" src=\"https:\/\/maximilianostia.com\/wp-content\/uploads\/2022\/09\/Maximiliano-Stia-Magia-en-Barcelona.webp\" alt=\"Elephant Magic Show-Maximiliano-Stia-Magia-en-Barcelona\" class=\"wp-image-4932\" srcset=\"https:\/\/maximilianostia.com\/wp-content\/uploads\/2022\/09\/Maximiliano-Stia-Magia-en-Barcelona.webp 864w, https:\/\/maximilianostia.com\/wp-content\/uploads\/2022\/09\/Maximiliano-Stia-Magia-en-Barcelona-259x300.webp 259w, https:\/\/maximilianostia.com\/wp-content\/uploads\/2022\/09\/Maximiliano-Stia-Magia-en-Barcelona-768x889.webp 768w, https:\/\/maximilianostia.com\/wp-content\/uploads\/2022\/09\/Maximiliano-Stia-Magia-en-Barcelona-370x428.webp 370w, https:\/\/maximilianostia.com\/wp-content\/uploads\/2022\/09\/Maximiliano-Stia-Magia-en-Barcelona-760x880.webp 760w\" sizes=\"(max-width: 864px) 100vw, 864px\" \/><\/figure><\/div>\n\n\n<h2 class=\"wp-block-heading\">Espect\u00e1culo de Magia Elephant Magic Show<\/h2>\n\n\n\n<p>El Espect\u00e1culo de Magia Elephant Magic Show trae la magia del circo a tu evento. La mayor\u00eda de los magos del mundo trabajan con bonitas asistentas o simp\u00e1ticos ayudantes, pero yo cuento con una enorme elefanta llamada Lul\u00fa.<\/p>\n\n\n\n<p>En honor a todos esos animales que fueron usados contra su voluntad para divertir y entretener a la gente a lo largo del tiempo, creamos esta maravillosa elefanta de m\u00e1s de 2 metros de altura, para demostrar que la historia siempre se puede cambiar.<\/p>\n\n\n\n<div style=\"height:50px\" aria-hidden=\"true\" class=\"wp-block-spacer\"><\/div>\n\n\n\n<figure class=\"wp-block-embed is-type-video is-provider-youtube wp-block-embed-youtube wp-embed-aspect-16-9 wp-has-aspect-ratio\"><div class=\"wp-block-embed__wrapper\">\n<iframe title=\"Promo Maximiliano Magic act\" width=\"1170\" height=\"658\" src=\"https:\/\/www.youtube.com\/embed\/hkbvtA9sENM?feature=oembed\" frameborder=\"0\" allow=\"accelerometer; autoplay; clipboard-write; encrypted-media; gyroscope; picture-in-picture\" allowfullscreen><\/iframe>\n<\/div><\/figure>\n\n\n\n<div style=\"height:40px\" aria-hidden=\"true\" class=\"wp-block-spacer\"><\/div>\n\n\n\n<p>Mis a\u00f1os de experiencia en el escenario me ense\u00f1aron que el p\u00fablico (mayores y peque\u00f1os), ama a los animales, y no les gusta nada que estos  est\u00e9n encerrados. Por ese motivo nace este espectacular personaje, para que est\u00e9n todos tranquilos que no sufre ning\u00fan animal pero que la emoci\u00f3n del circo tambi\u00e9n est\u00e1 presente.<\/p>\n\n\n\n<p>El Espect\u00e1culo de Magia Elephant Magic Show se adapta a todo tipo de p\u00fablico, la magia y la diversi\u00f3n estar\u00e1n garantizadas. Lul\u00fa es una elefanta que baila, puede mover su trompa y orejas, adem\u00e1s si el evento lo requiere \u00a1tambi\u00e9n puede caminar!<\/p>\n\n\n\n<div style=\"height:40px\" aria-hidden=\"true\" class=\"wp-block-spacer\"><\/div>\n\n\n<div class=\"wp-block-image\">\n<figure class=\"aligncenter size-full\"><img decoding=\"async\" width=\"707\" height=\"1000\" src=\"https:\/\/maximilianostia.com\/wp-content\/uploads\/2022\/10\/161culo-de-Magia-Elephant-Magic-Show.webp\" alt=\"Espect\u00e1culo-de-Magia-Elephant-Magic-Show\" class=\"wp-image-5446\" srcset=\"https:\/\/maximilianostia.com\/wp-content\/uploads\/2022\/10\/161culo-de-Magia-Elephant-Magic-Show.webp 707w, https:\/\/maximilianostia.com\/wp-content\/uploads\/2022\/10\/161culo-de-Magia-Elephant-Magic-Show-212x300.webp 212w, https:\/\/maximilianostia.com\/wp-content\/uploads\/2022\/10\/161culo-de-Magia-Elephant-Magic-Show-370x523.webp 370w\" sizes=\"(max-width: 707px) 100vw, 707px\" \/><\/figure><\/div>\n\n\n<h3 class=\"wp-block-heading\">Una Elefanta de Circo<\/h3>\n\n\n\n<p>La elefanta Lul\u00fa tambi\u00e9n actu\u00f3 conmigo en el Circo Raluy, muy conocida por su aparici\u00f3n estelar bailando y siempre animaba al p\u00fablico a ponerse de pie y aplaudir. Pero sus actuaciones fabulosas no solo fueron dentro de la gran carpa de circo, tambi\u00e9n participo en prestigiosos festivales como el Nomad y el Sonar de Barcelona.<\/p>\n\n\n\n<div style=\"height:20px\" aria-hidden=\"true\" class=\"wp-block-spacer\"><\/div>\n\n\n<div class=\"wp-block-image\">\n<figure class=\"aligncenter size-large\"><img decoding=\"async\" width=\"1024\" height=\"576\" src=\"https:\/\/maximilianostia.com\/wp-content\/uploads\/2022\/10\/ante-gigante-Emiliano-Stia-Barcelona-1024x576.webp\" alt=\"Show de Elefante-gigante-Emiliano-Stia-Barcelona\" class=\"wp-image-5628\" srcset=\"https:\/\/maximilianostia.com\/wp-content\/uploads\/2022\/10\/ante-gigante-Emiliano-Stia-Barcelona-1024x576.webp 1024w, https:\/\/maximilianostia.com\/wp-content\/uploads\/2022\/10\/ante-gigante-Emiliano-Stia-Barcelona-300x169.webp 300w, https:\/\/maximilianostia.com\/wp-content\/uploads\/2022\/10\/ante-gigante-Emiliano-Stia-Barcelona-768x432.webp 768w, https:\/\/maximilianostia.com\/wp-content\/uploads\/2022\/10\/ante-gigante-Emiliano-Stia-Barcelona-370x208.webp 370w, https:\/\/maximilianostia.com\/wp-content\/uploads\/2022\/10\/ante-gigante-Emiliano-Stia-Barcelona-1170x658.webp 1170w, https:\/\/maximilianostia.com\/wp-content\/uploads\/2022\/10\/ante-gigante-Emiliano-Stia-Barcelona-760x428.webp 760w, https:\/\/maximilianostia.com\/wp-content\/uploads\/2022\/10\/ante-gigante-Emiliano-Stia-Barcelona-270x152.webp 270w, https:\/\/maximilianostia.com\/wp-content\/uploads\/2022\/10\/ante-gigante-Emiliano-Stia-Barcelona.webp 1200w\" sizes=\"(max-width: 1024px) 100vw, 1024px\" \/><figcaption class=\"wp-element-caption\">Elefanta Lul\u00fa recibiendo aplausos junto al elenco de artistas<\/figcaption><\/figure><\/div>\n\n\n<div style=\"height:20px\" aria-hidden=\"true\" class=\"wp-block-spacer\"><\/div>\n\n\n\n<p>Estuvo tambi\u00e9n llevando emoci\u00f3n a los pasacalles de diversos festivales en Francia. Recibi\u00f3 una menci\u00f3n honor\u00edfica en el festival de magia de Manresa y tambi\u00e9n cerr\u00f3, junto conmigo, la gala del festival de magia \u201cMagialdia\u201d. Lul\u00fa es una atracci\u00f3n muy llamativa que transmite simpat\u00eda vaya donde vaya.<\/p>\n\n\n\n<h3 class=\"wp-block-heading\">Lleva este show a tu Evento<\/h3>\n\n\n\n<p>El espect\u00e1culo de magia&nbsp;&nbsp;Elephant Magic Show puedes verlo en vivo y en directo en&nbsp;<a rel=\"noreferrer noopener\" href=\"https:\/\/elpalaciodelamagia.com\/teatro-magico\/\" target=\"_blank\">El Palacio de la Magia<\/a>. Consulta las programaciones semanales para enterarte de todos&nbsp;<strong><a href=\"https:\/\/maximilianostia.com\/espectaculos-de-maximiliano-stia\/\">mis shows<\/a><\/strong>&nbsp;u otras funciones de artistas invitados.<\/p>\n\n\n\n<p>Si lo que quieres es informarte de este espect\u00e1culo para llevarlo a tu evento, te invito a completar el siguiente formulario sin compromiso. Mi equipo y yo esteremos encantados de resolver todas tus inquietudes. \u00a1H\u00e1blanos de tu evento!<\/p>\n\n\n\n<div style=\"height:100px\" aria-hidden=\"true\" class=\"wp-block-spacer\"><\/div>\n\n\n<div class=\"wpforms-container \" id=\"wpforms-5014\"><form id=\"wpforms-form-5014\" class=\"wpforms-validate wpforms-form wpforms-ajax-form\" data-formid=\"5014\" method=\"post\" enctype=\"multipart\/form-data\" action=\"\/en\/wp-json\/wp\/v2\/pages\/5038\" data-token=\"0fdb30955cbbb369dae2b2ca5b5ed749\"><noscript class=\"wpforms-error-noscript\">Please enable JavaScript in your browser to complete this form.<\/noscript><div class=\"wpforms-field-container\"><div id=\"wpforms-5014-field_0-container\" class=\"wpforms-field wpforms-field-name\" data-field-id=\"0\"><label class=\"wpforms-field-label\" for=\"wpforms-5014-field_0\">Nombre <span class=\"wpforms-required-label\">*<\/span><\/label><input type=\"text\" id=\"wpforms-5014-field_0\" class=\"wpforms-field-medium wpforms-field-required\" name=\"wpforms[fields][0]\" required><\/div><div id=\"wpforms-5014-field_1-container\" class=\"wpforms-field wpforms-field-email\" data-field-id=\"1\"><label class=\"wpforms-field-label\" for=\"wpforms-5014-field_1\">Correo electr\u00f3nico <span class=\"wpforms-required-label\">*<\/span><\/label><input type=\"email\" id=\"wpforms-5014-field_1\" class=\"wpforms-field-medium wpforms-field-required\" name=\"wpforms[fields][1]\" required><\/div><div id=\"wpforms-5014-field_4-container\" class=\"wpforms-field wpforms-field-phone\" data-field-id=\"4\"><label class=\"wpforms-field-label\" for=\"wpforms-5014-field_4\">Whatsapp<\/label><input type=\"tel\" id=\"wpforms-5014-field_4\" class=\"wpforms-field-medium wpforms-smart-phone-field\" data-rule-smart-phone-field=\"true\" name=\"wpforms[fields][4]\" ><\/div><div id=\"wpforms-5014-field_8-container\" class=\"wpforms-field wpforms-field-text\" data-field-id=\"8\"><label class=\"wpforms-field-label\" for=\"wpforms-5014-field_8\">Indica Lugar de Evento <\/label><input type=\"text\" id=\"wpforms-5014-field_8\" class=\"wpforms-field-medium\" name=\"wpforms[fields][8]\" ><\/div><div id=\"wpforms-5014-field_3-container\" class=\"wpforms-field wpforms-field-select wpforms-field-select-style-classic\" data-field-id=\"3\"><label class=\"wpforms-field-label\" for=\"wpforms-5014-field_3\">\u00bfEn qu\u00e9 show est\u00e1s interesada\/o?<\/label><select id=\"wpforms-5014-field_3\" class=\"wpforms-field-medium\" name=\"wpforms[fields][3]\"><option value=\"Informaci\u00f3n General\" >Informaci\u00f3n General<\/option><option value=\"The Showman\" >The Showman<\/option><option value=\"Freak Museum \" >Freak Museum <\/option><option value=\"Magic Cotton Candy\" >Magic Cotton Candy<\/option><option value=\"Zoltar de la Fortuna\" >Zoltar de la Fortuna<\/option><option value=\"Cartonutti\" >Cartonutti<\/option><option value=\"Elephant Magic Show\" >Elephant Magic Show<\/option><option value=\"Magia para Ni\u00f1os\" >Magia para Ni\u00f1os<\/option><option value=\"Doma tus Miedos\" >Doma tus Miedos<\/option><\/select><\/div><div id=\"wpforms-5014-field_5-container\" class=\"wpforms-field wpforms-field-select wpforms-field-select-style-classic\" data-field-id=\"5\"><label class=\"wpforms-field-label\" for=\"wpforms-5014-field_5\">\u00bfQue tipo de Evento?<\/label><select id=\"wpforms-5014-field_5\" class=\"wpforms-field-medium\" name=\"wpforms[fields][5]\"><option value=\"Fiestas Patronales\/Festivales\" >Fiestas Patronales\/Festivales<\/option><option value=\"Boda\/Bautizo\/Comuni\u00f3n\" >Boda\/Bautizo\/Comuni\u00f3n<\/option><option value=\"Cumplea\u00f1os\" >Cumplea\u00f1os<\/option><option value=\"Otros\" >Otros<\/option><\/select><\/div><div id=\"wpforms-5014-field_2-container\" class=\"wpforms-field wpforms-field-textarea\" data-field-id=\"2\"><label class=\"wpforms-field-label\" for=\"wpforms-5014-field_2\">Comentario o mensaje<\/label><textarea id=\"wpforms-5014-field_2\" class=\"wpforms-field-medium\" name=\"wpforms[fields][2]\" ><\/textarea><\/div><\/div><div class=\"wpforms-recaptcha-container wpforms-is-recaptcha\"><div class=\"g-recaptcha\" data-sitekey=\"6LfzLjUiAAAAAIsdNlCVOfA59KqXLmk2QUZdSg_g\" data-size=\"invisible\"><\/div><\/div><div class=\"wpforms-submit-container\"><input type=\"hidden\" name=\"wpforms[id]\" value=\"5014\"><input type=\"hidden\" name=\"wpforms[author]\" value=\"1\"><button type=\"submit\" name=\"wpforms[submit]\" id=\"wpforms-submit-5014\" class=\"wpforms-submit\" data-alt-text=\"Enviando...\" data-submit-text=\"Enviar\" aria-live=\"assertive\" value=\"wpforms-submit\">Enviar<\/button><img loading=\"lazy\" decoding=\"async\" src=\"https:\/\/maximilianostia.com\/wp-content\/plugins\/wpforms\/assets\/images\/submit-spin.svg\" class=\"wpforms-submit-spinner\" style=\"display: none;\" width=\"26\" height=\"26\" alt=\"Loading\"><\/div><\/form><\/div>  <!-- .wpforms-container -->","protected":false},"excerpt":{"rendered":"<p>Espect\u00e1culo de Magia Elephant Magic Show El Espect\u00e1culo de Magia Elephant Magic Show trae la magia del circo a tu&hellip;<\/p>","protected":false},"author":1,"featured_media":0,"parent":0,"menu_order":13,"comment_status":"closed","ping_status":"closed","template":"","meta":{"footnotes":""},"yst_prominent_words":[],"class_list":["post-5038","page","type-page","status-publish","hentry"],"_links":{"self":[{"href":"https:\/\/maximilianostia.com\/en\/wp-json\/wp\/v2\/pages\/5038","targetHints":{"allow":["GET"]}}],"collection":[{"href":"https:\/\/maximilianostia.com\/en\/wp-json\/wp\/v2\/pages"}],"about":[{"href":"https:\/\/maximilianostia.com\/en\/wp-json\/wp\/v2\/types\/page"}],"author":[{"embeddable":true,"href":"https:\/\/maximilianostia.com\/en\/wp-json\/wp\/v2\/users\/1"}],"replies":[{"embeddable":true,"href":"https:\/\/maximilianostia.com\/en\/wp-json\/wp\/v2\/comments?post=5038"}],"version-history":[{"count":18,"href":"https:\/\/maximilianostia.com\/en\/wp-json\/wp\/v2\/pages\/5038\/revisions"}],"predecessor-version":[{"id":5731,"href":"https:\/\/maximilianostia.com\/en\/wp-json\/wp\/v2\/pages\/5038\/revisions\/5731"}],"wp:attachment":[{"href":"https:\/\/maximilianostia.com\/en\/wp-json\/wp\/v2\/media?parent=5038"}],"wp:term":[{"taxonomy":"yst_prominent_words","embeddable":true,"href":"https:\/\/maximilianostia.com\/en\/wp-json\/wp\/v2\/yst_prominent_words?post=5038"}],"curies":[{"name":"wp","href":"https:\/\/api.w.org\/{rel}","templated":true}]}}