{"id":5034,"date":"2022-09-27T12:24:11","date_gmt":"2022-09-27T10:24:11","guid":{"rendered":"https:\/\/maximilianostia.com\/?page_id=5034"},"modified":"2022-12-03T12:57:42","modified_gmt":"2022-12-03T11:57:42","slug":"espectaculo-de-cartonutti-y-el-medio-ambiente","status":"publish","type":"page","link":"https:\/\/maximilianostia.com\/en\/espectaculo-de-cartonutti-y-el-medio-ambiente\/","title":{"rendered":"Show Cartonutti and the environment"},"content":{"rendered":"<div class=\"wp-block-image\">\n<figure class=\"aligncenter size-full\"><img fetchpriority=\"high\" decoding=\"async\" width=\"1000\" height=\"665\" src=\"https:\/\/maximilianostia.com\/wp-content\/uploads\/2022\/09\/os-en-Barcelona-por-Maximiliano-Stia.webp\" alt=\"Magia para colegios-en-Barcelona-por-Maximiliano-Stia\" class=\"wp-image-4938\" srcset=\"https:\/\/maximilianostia.com\/wp-content\/uploads\/2022\/09\/os-en-Barcelona-por-Maximiliano-Stia.webp 1000w, https:\/\/maximilianostia.com\/wp-content\/uploads\/2022\/09\/os-en-Barcelona-por-Maximiliano-Stia-300x200.webp 300w, https:\/\/maximilianostia.com\/wp-content\/uploads\/2022\/09\/os-en-Barcelona-por-Maximiliano-Stia-768x511.webp 768w, https:\/\/maximilianostia.com\/wp-content\/uploads\/2022\/09\/os-en-Barcelona-por-Maximiliano-Stia-370x246.webp 370w, https:\/\/maximilianostia.com\/wp-content\/uploads\/2022\/09\/os-en-Barcelona-por-Maximiliano-Stia-760x505.webp 760w\" sizes=\"(max-width: 1000px) 100vw, 1000px\" \/><\/figure><\/div>\n\n\n<div style=\"height:30px\" aria-hidden=\"true\" class=\"wp-block-spacer\"><\/div>\n\n\n\n<h2 class=\"wp-block-heading\">Espect\u00e1culo de Cartonutti y el medio ambiente<\/h2>\n\n\n\n<p>El Espect\u00e1culo de Cartonutti y el medio ambiente es muy divertido extravagante pero sobre todo ense\u00f1a a cuidar el planeta. Cartonutti es un Mago muy peculiar, que luce con mucho orgullo una su vestimenta fabricada exclusivamente con material reciclado.<\/p>\n\n\n\n<p>Este show est\u00e1 lleno de mensajes, para este mago la vida esta llena de cosas maravillosas y te recuerda que hay que abrir los ojos para valorar todo lo que nos rodea. La\u00a0 esencia de su magia es la transformaci\u00f3n, como la vida misma que est\u00e1 en constante cambio. <\/p>\n\n\n\n<div style=\"height:0px\" aria-hidden=\"true\" class=\"wp-block-spacer\"><\/div>\n\n\n\n<div style=\"height:25px\" aria-hidden=\"true\" class=\"wp-block-spacer\"><\/div>\n\n\n\n<figure class=\"wp-block-embed is-type-video is-provider-youtube wp-block-embed-youtube wp-embed-aspect-16-9 wp-has-aspect-ratio\"><div class=\"wp-block-embed__wrapper\">\n<iframe title=\"Trailer del espect\u00e1culo Cartonutti y las 3 RRR\" width=\"1170\" height=\"658\" src=\"https:\/\/www.youtube.com\/embed\/yC6ZeDrTKaY?feature=oembed\" frameborder=\"0\" allow=\"accelerometer; autoplay; clipboard-write; encrypted-media; gyroscope; picture-in-picture\" allowfullscreen><\/iframe>\n<\/div><\/figure>\n\n\n\n<p>El Espect\u00e1culo de Cartonutti y el medio ambiente te dejar\u00e1 claro que se puede sacar provecho a la basura que generamos, pero te lo ense\u00f1ara de una forma desopilante y divertida. Cartonutti sabe muy bien de lo que habla, \u00e9l es el primer reciclador. <\/p>\n\n\n\n<div style=\"height:30px\" aria-hidden=\"true\" class=\"wp-block-spacer\"><\/div>\n\n\n<div class=\"wp-block-image\">\n<figure class=\"aligncenter size-full\"><img decoding=\"async\" width=\"1000\" height=\"667\" src=\"https:\/\/maximilianostia.com\/wp-content\/uploads\/2022\/10\/Show-de-magia-ecologico-Cartonutti-Maximiliano-Stia.webp\" alt=\"Show de magia ecol\u00f3gico Cartonutti Maximiliano Stia\" class=\"wp-image-5497\" srcset=\"https:\/\/maximilianostia.com\/wp-content\/uploads\/2022\/10\/Show-de-magia-ecologico-Cartonutti-Maximiliano-Stia.webp 1000w, https:\/\/maximilianostia.com\/wp-content\/uploads\/2022\/10\/Show-de-magia-ecologico-Cartonutti-Maximiliano-Stia-300x200.webp 300w, https:\/\/maximilianostia.com\/wp-content\/uploads\/2022\/10\/Show-de-magia-ecologico-Cartonutti-Maximiliano-Stia-768x512.webp 768w, https:\/\/maximilianostia.com\/wp-content\/uploads\/2022\/10\/Show-de-magia-ecologico-Cartonutti-Maximiliano-Stia-370x247.webp 370w, https:\/\/maximilianostia.com\/wp-content\/uploads\/2022\/10\/Show-de-magia-ecologico-Cartonutti-Maximiliano-Stia-760x507.webp 760w\" sizes=\"(max-width: 1000px) 100vw, 1000px\" \/><\/figure><\/div>\n\n\n<h2 class=\"wp-block-heading\">Un show Con un Mensaje ecol\u00f3gico.<\/h2>\n\n\n\n<p>El Espect\u00e1culo de Cartonutti y el medio ambiente deja claro que hay que tomar conciencia del consumo desmesurado y que si no se toman medidas nuestro planeta puede enfermar. El cuidado del medio ambiente, el reciclaje inteligente, y la no contaminaci\u00f3n, son  los protagonistas, todo esto en un marco llego de colores y divertido show. \u00a1Nada se tira ,todo se recicla!<\/p>\n\n\n\n<div style=\"height:30px\" aria-hidden=\"true\" class=\"wp-block-spacer\"><\/div>\n\n\n\n<div class=\"wp-block-columns is-layout-flex wp-container-core-columns-is-layout-9d6595d7 wp-block-columns-is-layout-flex\">\n<div class=\"wp-block-column is-layout-flow wp-block-column-is-layout-flow\">\n<figure class=\"wp-block-gallery has-nested-images columns-default is-cropped wp-block-gallery-1 is-layout-flex wp-block-gallery-is-layout-flex\">\n<figure class=\"wp-block-image size-large\"><img decoding=\"async\" width=\"717\" height=\"1024\" data-id=\"5709\" src=\"https:\/\/maximilianostia.com\/wp-content\/uploads\/2022\/11\/Cartonutti-Maximiliano-Magia-717x1024.webp\" alt=\"Cartonutti-Maximiliano Stia Magia\" class=\"wp-image-5709\" srcset=\"https:\/\/maximilianostia.com\/wp-content\/uploads\/2022\/11\/Cartonutti-Maximiliano-Magia-717x1024.webp 717w, https:\/\/maximilianostia.com\/wp-content\/uploads\/2022\/11\/Cartonutti-Maximiliano-Magia-210x300.webp 210w, https:\/\/maximilianostia.com\/wp-content\/uploads\/2022\/11\/Cartonutti-Maximiliano-Magia-768x1097.webp 768w, https:\/\/maximilianostia.com\/wp-content\/uploads\/2022\/11\/Cartonutti-Maximiliano-Magia-1076x1536.webp 1076w, https:\/\/maximilianostia.com\/wp-content\/uploads\/2022\/11\/Cartonutti-Maximiliano-Magia-1434x2048.webp 1434w, https:\/\/maximilianostia.com\/wp-content\/uploads\/2022\/11\/Cartonutti-Maximiliano-Magia-370x528.webp 370w, https:\/\/maximilianostia.com\/wp-content\/uploads\/2022\/11\/Cartonutti-Maximiliano-Magia-760x1085.webp 760w, https:\/\/maximilianostia.com\/wp-content\/uploads\/2022\/11\/Cartonutti-Maximiliano-Magia.webp 1787w\" sizes=\"(max-width: 717px) 100vw, 717px\" \/><\/figure>\n<\/figure>\n<\/div>\n\n\n\n<div class=\"wp-block-column is-layout-flow wp-block-column-is-layout-flow\">\n<h2 class=\"wp-block-heading\">Las tres \u00abR\u00bb<\/h2>\n\n\n\n<p>Este es el eslogan estandarte de este show de magia que tanto divierte, entretiene y concientiza. <\/p>\n\n\n\n<p>Su principal mensaje es que los ni\u00f1os y mayores conozcan de una manera entretenida los beneficios de las tres erres: <\/p>\n\n\n\n<ul class=\"wp-block-list\">\n<li>REDUCIR<\/li>\n\n\n\n<li>REUTILIZAR<\/li>\n\n\n\n<li>Y RECICLAR<\/li>\n<\/ul>\n\n\n\n<p>Son las palabras \u00abm\u00e1gicas\u00bb para que este planeta siga siendo un lugar maravilloso para todos nosotros.<\/p>\n<\/div>\n<\/div>\n\n\n\n<p class=\"has-text-align-left\">Si quieres saber m\u00e1s acerca del espect\u00e1culo, duraci\u00f3n del evento, los requisitos y dem\u00e1s detalles, te comparto un fichero con los datos de este evento:<\/p>\n\n\n\n<div class=\"wp-block-buttons is-layout-flex wp-block-buttons-is-layout-flex\">\n<div class=\"wp-block-button aligncenter is-style-fill\"><a class=\"wp-block-button__link wp-element-button\" href=\"https:\/\/maximilianostia.com\/wp-content\/uploads\/2022\/11\/dossier-cartonutti-Maximiliano-Stia.pdf\">VER DOSSIER<\/a><\/div>\n<\/div>\n\n\n\n<div style=\"height:15px\" aria-hidden=\"true\" class=\"wp-block-spacer\"><\/div>\n\n\n\n<div style=\"height:15px\" aria-hidden=\"true\" class=\"wp-block-spacer\"><\/div>\n\n\n<div class=\"wp-block-image\">\n<figure class=\"aligncenter size-large\"><img loading=\"lazy\" decoding=\"async\" width=\"1024\" height=\"416\" src=\"https:\/\/maximilianostia.com\/wp-content\/uploads\/2022\/10\/Cartonutti-Maximiliano-Stia-Show-Barcelona-1024x416.webp\" alt=\"Cartonutti Maximiliano-Stia-Show-Barcelona\" class=\"wp-image-5613\" srcset=\"https:\/\/maximilianostia.com\/wp-content\/uploads\/2022\/10\/Cartonutti-Maximiliano-Stia-Show-Barcelona-1024x416.webp 1024w, https:\/\/maximilianostia.com\/wp-content\/uploads\/2022\/10\/Cartonutti-Maximiliano-Stia-Show-Barcelona-300x122.webp 300w, https:\/\/maximilianostia.com\/wp-content\/uploads\/2022\/10\/Cartonutti-Maximiliano-Stia-Show-Barcelona-768x312.webp 768w, https:\/\/maximilianostia.com\/wp-content\/uploads\/2022\/10\/Cartonutti-Maximiliano-Stia-Show-Barcelona-370x150.webp 370w, https:\/\/maximilianostia.com\/wp-content\/uploads\/2022\/10\/Cartonutti-Maximiliano-Stia-Show-Barcelona-760x309.webp 760w, https:\/\/maximilianostia.com\/wp-content\/uploads\/2022\/10\/Cartonutti-Maximiliano-Stia-Show-Barcelona.webp 1200w\" sizes=\"(max-width: 1024px) 100vw, 1024px\" \/><figcaption class=\"wp-element-caption\">El Show Cartonutti el mago que mira por el medio ambiente<\/figcaption><\/figure><\/div>\n\n\n<div style=\"height:15px\" aria-hidden=\"true\" class=\"wp-block-spacer\"><\/div>\n\n\n\n<h3 class=\"wp-block-heading\">Lleva este show a tu Colegio<\/h3>\n\n\n\n<p>Si lo que quieres es llevar este espect\u00e1culo a tu colegio, te invito a completar el siguiente formulario sin compromiso. Mi equipo y yo esteremos encantados de resolver todas tus inquietudes. \u00a1H\u00e1blanos de tu evento!<\/p>\n\n\n\n<h4 class=\"wp-block-heading\">Formulario de Contacto<\/h4>\n\n\n<div class=\"wpforms-container \" id=\"wpforms-5014\"><form id=\"wpforms-form-5014\" class=\"wpforms-validate wpforms-form wpforms-ajax-form\" data-formid=\"5014\" method=\"post\" enctype=\"multipart\/form-data\" action=\"\/en\/wp-json\/wp\/v2\/pages\/5034\" data-token=\"35a403306ed212aabbddd819378292c6\"><noscript class=\"wpforms-error-noscript\">Please enable JavaScript in your browser to complete this form.<\/noscript><div class=\"wpforms-field-container\"><div id=\"wpforms-5014-field_0-container\" class=\"wpforms-field wpforms-field-name\" data-field-id=\"0\"><label class=\"wpforms-field-label\" for=\"wpforms-5014-field_0\">Nombre <span class=\"wpforms-required-label\">*<\/span><\/label><input type=\"text\" id=\"wpforms-5014-field_0\" class=\"wpforms-field-medium wpforms-field-required\" name=\"wpforms[fields][0]\" required><\/div><div id=\"wpforms-5014-field_1-container\" class=\"wpforms-field wpforms-field-email\" data-field-id=\"1\"><label class=\"wpforms-field-label\" for=\"wpforms-5014-field_1\">Correo electr\u00f3nico <span class=\"wpforms-required-label\">*<\/span><\/label><input type=\"email\" id=\"wpforms-5014-field_1\" class=\"wpforms-field-medium wpforms-field-required\" name=\"wpforms[fields][1]\" required><\/div><div id=\"wpforms-5014-field_4-container\" class=\"wpforms-field wpforms-field-phone\" data-field-id=\"4\"><label class=\"wpforms-field-label\" for=\"wpforms-5014-field_4\">Whatsapp<\/label><input type=\"tel\" id=\"wpforms-5014-field_4\" class=\"wpforms-field-medium wpforms-smart-phone-field\" data-rule-smart-phone-field=\"true\" name=\"wpforms[fields][4]\" ><\/div><div id=\"wpforms-5014-field_8-container\" class=\"wpforms-field wpforms-field-text\" data-field-id=\"8\"><label class=\"wpforms-field-label\" for=\"wpforms-5014-field_8\">Indica Lugar de Evento <\/label><input type=\"text\" id=\"wpforms-5014-field_8\" class=\"wpforms-field-medium\" name=\"wpforms[fields][8]\" ><\/div><div id=\"wpforms-5014-field_3-container\" class=\"wpforms-field wpforms-field-select wpforms-field-select-style-classic\" data-field-id=\"3\"><label class=\"wpforms-field-label\" for=\"wpforms-5014-field_3\">\u00bfEn qu\u00e9 show est\u00e1s interesada\/o?<\/label><select id=\"wpforms-5014-field_3\" class=\"wpforms-field-medium\" name=\"wpforms[fields][3]\"><option value=\"Informaci\u00f3n General\" >Informaci\u00f3n General<\/option><option value=\"The Showman\" >The Showman<\/option><option value=\"Freak Museum \" >Freak Museum <\/option><option value=\"Magic Cotton Candy\" >Magic Cotton Candy<\/option><option value=\"Zoltar de la Fortuna\" >Zoltar de la Fortuna<\/option><option value=\"Cartonutti\" >Cartonutti<\/option><option value=\"Elephant Magic Show\" >Elephant Magic Show<\/option><option value=\"Magia para Ni\u00f1os\" >Magia para Ni\u00f1os<\/option><option value=\"Doma tus Miedos\" >Doma tus Miedos<\/option><\/select><\/div><div id=\"wpforms-5014-field_5-container\" class=\"wpforms-field wpforms-field-select wpforms-field-select-style-classic\" data-field-id=\"5\"><label class=\"wpforms-field-label\" for=\"wpforms-5014-field_5\">\u00bfQue tipo de Evento?<\/label><select id=\"wpforms-5014-field_5\" class=\"wpforms-field-medium\" name=\"wpforms[fields][5]\"><option value=\"Fiestas Patronales\/Festivales\" >Fiestas Patronales\/Festivales<\/option><option value=\"Boda\/Bautizo\/Comuni\u00f3n\" >Boda\/Bautizo\/Comuni\u00f3n<\/option><option value=\"Cumplea\u00f1os\" >Cumplea\u00f1os<\/option><option value=\"Otros\" >Otros<\/option><\/select><\/div><div id=\"wpforms-5014-field_2-container\" class=\"wpforms-field wpforms-field-textarea\" data-field-id=\"2\"><label class=\"wpforms-field-label\" for=\"wpforms-5014-field_2\">Comentario o mensaje<\/label><textarea id=\"wpforms-5014-field_2\" class=\"wpforms-field-medium\" name=\"wpforms[fields][2]\" ><\/textarea><\/div><\/div><div class=\"wpforms-recaptcha-container wpforms-is-recaptcha\"><div class=\"g-recaptcha\" data-sitekey=\"6LfzLjUiAAAAAIsdNlCVOfA59KqXLmk2QUZdSg_g\" data-size=\"invisible\"><\/div><\/div><div class=\"wpforms-submit-container\"><input type=\"hidden\" name=\"wpforms[id]\" value=\"5014\"><input type=\"hidden\" name=\"wpforms[author]\" value=\"1\"><button type=\"submit\" name=\"wpforms[submit]\" id=\"wpforms-submit-5014\" class=\"wpforms-submit\" data-alt-text=\"Enviando...\" data-submit-text=\"Enviar\" aria-live=\"assertive\" value=\"wpforms-submit\">Enviar<\/button><img loading=\"lazy\" decoding=\"async\" src=\"https:\/\/maximilianostia.com\/wp-content\/plugins\/wpforms\/assets\/images\/submit-spin.svg\" class=\"wpforms-submit-spinner\" style=\"display: none;\" width=\"26\" height=\"26\" alt=\"Loading\"><\/div><\/form><\/div>  <!-- .wpforms-container -->\n\n\n<p>El espect\u00e1culo de magia&nbsp;<strong>Cartonutti<\/strong>&nbsp;podr\u00eda ser un show que se vea en <a rel=\"noreferrer noopener\" href=\"https:\/\/elpalaciodelamagia.com\/teatro-magico\/\" target=\"_blank\">El Palacio de la Magia<\/a>. Consulta las programaciones semanales para enterarte de todos&nbsp;<strong><a href=\"https:\/\/maximilianostia.com\/espectaculos-de-maximiliano-stia\/\">mis shows<\/a><\/strong>&nbsp;u otras funciones de artistas invitados.<\/p>\n","protected":false},"excerpt":{"rendered":"<p>Espect\u00e1culo de Cartonutti y el medio ambiente El Espect\u00e1culo de Cartonutti y el medio ambiente es muy divertido extravagante pero&hellip;<\/p>","protected":false},"author":1,"featured_media":0,"parent":0,"menu_order":12,"comment_status":"closed","ping_status":"closed","template":"","meta":{"footnotes":""},"yst_prominent_words":[],"class_list":["post-5034","page","type-page","status-publish","hentry"],"_links":{"self":[{"href":"https:\/\/maximilianostia.com\/en\/wp-json\/wp\/v2\/pages\/5034","targetHints":{"allow":["GET"]}}],"collection":[{"href":"https:\/\/maximilianostia.com\/en\/wp-json\/wp\/v2\/pages"}],"about":[{"href":"https:\/\/maximilianostia.com\/en\/wp-json\/wp\/v2\/types\/page"}],"author":[{"embeddable":true,"href":"https:\/\/maximilianostia.com\/en\/wp-json\/wp\/v2\/users\/1"}],"replies":[{"embeddable":true,"href":"https:\/\/maximilianostia.com\/en\/wp-json\/wp\/v2\/comments?post=5034"}],"version-history":[{"count":23,"href":"https:\/\/maximilianostia.com\/en\/wp-json\/wp\/v2\/pages\/5034\/revisions"}],"predecessor-version":[{"id":5729,"href":"https:\/\/maximilianostia.com\/en\/wp-json\/wp\/v2\/pages\/5034\/revisions\/5729"}],"wp:attachment":[{"href":"https:\/\/maximilianostia.com\/en\/wp-json\/wp\/v2\/media?parent=5034"}],"wp:term":[{"taxonomy":"yst_prominent_words","embeddable":true,"href":"https:\/\/maximilianostia.com\/en\/wp-json\/wp\/v2\/yst_prominent_words?post=5034"}],"curies":[{"name":"wp","href":"https:\/\/api.w.org\/{rel}","templated":true}]}}