{"id":5019,"date":"2022-09-27T11:43:07","date_gmt":"2022-09-27T09:43:07","guid":{"rendered":"https:\/\/maximilianostia.com\/?page_id=5019"},"modified":"2022-10-03T21:10:39","modified_gmt":"2022-10-03T19:10:39","slug":"zoltar-de-la-fortuna","status":"publish","type":"page","link":"https:\/\/maximilianostia.com\/en\/zoltar-de-la-fortuna\/","title":{"rendered":"Magic show Zoltar Fortune"},"content":{"rendered":"\n<figure class=\"wp-block-image size-full\"><img fetchpriority=\"high\" decoding=\"async\" width=\"1000\" height=\"665\" src=\"https:\/\/maximilianostia.com\/wp-content\/uploads\/2022\/09\/Zoltar-de-la-fortuna-Maximiliano-Stia-Magia-Humor-en-Barcelona.webp\" alt=\"Zoltar-de-la-fortuna-Maximiliano-Stia-Magia-Humor-en-Barcelona\" class=\"wp-image-4947\" srcset=\"https:\/\/maximilianostia.com\/wp-content\/uploads\/2022\/09\/Zoltar-de-la-fortuna-Maximiliano-Stia-Magia-Humor-en-Barcelona.webp 1000w, https:\/\/maximilianostia.com\/wp-content\/uploads\/2022\/09\/Zoltar-de-la-fortuna-Maximiliano-Stia-Magia-Humor-en-Barcelona-300x200.webp 300w, https:\/\/maximilianostia.com\/wp-content\/uploads\/2022\/09\/Zoltar-de-la-fortuna-Maximiliano-Stia-Magia-Humor-en-Barcelona-768x511.webp 768w, https:\/\/maximilianostia.com\/wp-content\/uploads\/2022\/09\/Zoltar-de-la-fortuna-Maximiliano-Stia-Magia-Humor-en-Barcelona-370x246.webp 370w, https:\/\/maximilianostia.com\/wp-content\/uploads\/2022\/09\/Zoltar-de-la-fortuna-Maximiliano-Stia-Magia-Humor-en-Barcelona-760x505.webp 760w\" sizes=\"(max-width: 1000px) 100vw, 1000px\" \/><\/figure>\n\n\n\n<h2 class=\"wp-block-heading\">Espect\u00e1culo de Magia Zoltar de la Fortuna<\/h2>\n\n\n\n<p>El Espect\u00e1culo de Magia Zoltar de la Fortuna es reconocido r\u00e1pidamente por la m\u00edtica pel\u00edcula \u201cBig\u201d de los 80s con Tom Hanks, en la que aparece la misteriosa \u00ab<em>Zoltar Machine<\/em>\u00bb que cumple el deseo del protagonista.<\/p>\n\n\n\n<p>Con el espect\u00e1culo Zoltar de la fortuna hemos querido hacer un homenaje a todos los adivinadores, lectores de manos, y toda esa gente misteriosa que nos predice el futuro, pero nosotros le dimos una vuelta de tuerca haciendo una maquina m\u00e1s divertida y sorprendente.<\/p>\n\n\n\n<div style=\"height:15px\" aria-hidden=\"true\" class=\"wp-block-spacer\"><\/div>\n\n\n\n<figure class=\"wp-block-image size-full\"><img decoding=\"async\" width=\"1000\" height=\"665\" src=\"https:\/\/maximilianostia.com\/wp-content\/uploads\/2022\/09\/Zoltar-de-la-fortuna-Maximiliano-Stia-Magia-de-Cerca-en-Barcelona.webp\" alt=\"Zoltar-de-la-fortuna-Maximiliano-Stia-Magia-de-Cerca-en-Barcelona\" class=\"wp-image-4946\" srcset=\"https:\/\/maximilianostia.com\/wp-content\/uploads\/2022\/09\/Zoltar-de-la-fortuna-Maximiliano-Stia-Magia-de-Cerca-en-Barcelona.webp 1000w, https:\/\/maximilianostia.com\/wp-content\/uploads\/2022\/09\/Zoltar-de-la-fortuna-Maximiliano-Stia-Magia-de-Cerca-en-Barcelona-300x200.webp 300w, https:\/\/maximilianostia.com\/wp-content\/uploads\/2022\/09\/Zoltar-de-la-fortuna-Maximiliano-Stia-Magia-de-Cerca-en-Barcelona-768x511.webp 768w, https:\/\/maximilianostia.com\/wp-content\/uploads\/2022\/09\/Zoltar-de-la-fortuna-Maximiliano-Stia-Magia-de-Cerca-en-Barcelona-370x246.webp 370w, https:\/\/maximilianostia.com\/wp-content\/uploads\/2022\/09\/Zoltar-de-la-fortuna-Maximiliano-Stia-Magia-de-Cerca-en-Barcelona-760x505.webp 760w\" sizes=\"(max-width: 1000px) 100vw, 1000px\" \/><\/figure>\n\n\n\n<div style=\"height:30px\" aria-hidden=\"true\" class=\"wp-block-spacer\"><\/div>\n\n\n\n<p>En nuestro show cuando la gente se acerca al Zoltar de la fortuna nos hace preguntas tales como, si van a cobrar una herencia, con quien se van a casar, qu\u00e9 n\u00famero ser\u00e1 el premiado por la loter\u00eda, \u00f3 si van a encontrar el verdadero amor.<\/p>\n\n\n\n<p>Esta maquina \u00abviva\u00bb sorprende y da respuestas al publico de una manera original y divertida, ya que la audiencia al acercarse al Zoltar de la fortuna ve un medio cuerpo humano, sin piernas que los asombra, divierte y adem\u00e1s les da una tarjeta de la fortuna.<\/p>\n\n\n\n<div style=\"height:30px\" aria-hidden=\"true\" class=\"wp-block-spacer\"><\/div>\n\n\n\n<div class=\"wp-block-columns is-layout-flex wp-container-core-columns-is-layout-9d6595d7 wp-block-columns-is-layout-flex\">\n<div class=\"wp-block-column is-layout-flow wp-block-column-is-layout-flow\" style=\"flex-basis:100%\">\n<div class=\"wp-block-columns is-layout-flex wp-container-core-columns-is-layout-9d6595d7 wp-block-columns-is-layout-flex\">\n<div class=\"wp-block-column is-layout-flow wp-block-column-is-layout-flow\">\n<figure class=\"wp-block-image size-full\"><img decoding=\"async\" width=\"665\" height=\"1000\" src=\"https:\/\/maximilianostia.com\/wp-content\/uploads\/2022\/09\/Zoltar-de-la-fortuna-Maximiliano-Stia-Magia-con-Humor-en-Barcelona.webp\" alt=\"Zoltar-de-la-fortuna-Maximiliano-Stia-Magia-con-Humor-en-Barcelona\" class=\"wp-image-4944\" srcset=\"https:\/\/maximilianostia.com\/wp-content\/uploads\/2022\/09\/Zoltar-de-la-fortuna-Maximiliano-Stia-Magia-con-Humor-en-Barcelona.webp 665w, https:\/\/maximilianostia.com\/wp-content\/uploads\/2022\/09\/Zoltar-de-la-fortuna-Maximiliano-Stia-Magia-con-Humor-en-Barcelona-200x300.webp 200w, https:\/\/maximilianostia.com\/wp-content\/uploads\/2022\/09\/Zoltar-de-la-fortuna-Maximiliano-Stia-Magia-con-Humor-en-Barcelona-370x556.webp 370w\" sizes=\"(max-width: 665px) 100vw, 665px\" \/><\/figure>\n<\/div>\n\n\n\n<div class=\"wp-block-column is-layout-flow wp-block-column-is-layout-flow\">\n<h3 class=\"wp-block-heading\"><strong>Nuestro Zoltar de la fortuna <\/strong>brinda estos servicios<strong>:<\/strong><\/h3>\n\n\n\n<ul class=\"wp-block-list\"><li>Magia de <em>close up<\/em><\/li><li>Lectura de manos<\/li><li>Predecir el futuro<\/li><li>Leer tu destino con <em>la bola de cristal<\/em><\/li><li>Podr\u00e1s recibir tarjetas de la suerte<\/li><li>\u00a1Y te vas a re\u00edr mucho!<\/li><\/ul>\n\n\n\n<div style=\"height:60px\" aria-hidden=\"true\" class=\"wp-block-spacer\"><\/div>\n\n\n\n<blockquote class=\"wp-block-quote is-layout-flow wp-block-quote-is-layout-flow\"><p><em>\u201cDesde tiempos inmemoriales el ser humano busca respuestas sobre el futuro, ya sea en piedras, huesos o estrellas. Este es nuestro homenaje a todos los or\u00e1culos, que como yo, conf\u00edan que lo mejor siempre esta por venir\u201d<\/em><\/p><\/blockquote>\n<\/div>\n<\/div>\n<\/div>\n<\/div>\n\n\n\n<h2 class=\"wp-block-heading\">El Zoltar en eventos corporativos<\/h2>\n\n\n\n<p>Si tu empresa esta buscando una soluci\u00f3n entretenida para amenizar un evento, el Zoltar es un n\u00famero que puede encajar muy bien, adem\u00e1s de hacer todo lo antes mencionado, tambi\u00e9n puede entregar tarjetas publicitarias con el logo de tu empresa.&nbsp;Todo esto recreando con la est\u00e9tica de <em>vintage<\/em> para ser a\u00fan m\u00e1s fiel a la referencia cinematogr\u00e1fica. <\/p>\n\n\n\n<div style=\"height:15px\" aria-hidden=\"true\" class=\"wp-block-spacer\"><\/div>\n\n\n\n<figure class=\"wp-block-embed is-type-video is-provider-youtube wp-block-embed-youtube wp-embed-aspect-16-9 wp-has-aspect-ratio\"><div class=\"wp-block-embed__wrapper\">\n<iframe title=\"Zoltar de la fortuna\" width=\"1170\" height=\"658\" src=\"https:\/\/www.youtube.com\/embed\/8pcr-FeRiW0?feature=oembed\" frameborder=\"0\" allow=\"accelerometer; autoplay; clipboard-write; encrypted-media; gyroscope; picture-in-picture\" allowfullscreen><\/iframe>\n<\/div><\/figure>\n\n\n\n<div style=\"height:30px\" aria-hidden=\"true\" class=\"wp-block-spacer\"><\/div>\n\n\n\n<p>En el espect\u00e1culo Zoltar de la fortuna, y en el tiempo que este contratado este servicio, puede sumarse una actuaci\u00f3n m\u00e1s, que seria la aparici\u00f3n de un mago simp\u00e1tico y misterioso, el cual entretendr\u00e1 y divertir\u00e1 a la ves que tambi\u00e9n podr\u00eda entregar presentes a clientes y empleados.<\/p>\n\n\n\n<h3 class=\"wp-block-heading\">Lleva este show a tu Evento<\/h3>\n\n\n\n<p>El espect\u00e1culo de magia&nbsp;<strong>Zoltar de la Fortuna<\/strong>&nbsp;puedes verlo en vivo y en directo en&nbsp;<a rel=\"noreferrer noopener\" href=\"https:\/\/elpalaciodelamagia.com\/teatro-magico\/\" target=\"_blank\">El Palacio de la Magia<\/a>. Consulta las programaciones semanales para enterarte de todos&nbsp;<strong><a href=\"https:\/\/maximilianostia.com\/espectaculos-de-maximiliano-stia\/\">mis shows<\/a><\/strong>&nbsp;u otras funciones de artistas invitados.<\/p>\n\n\n\n<p>Si lo que quieres es informarte de este espect\u00e1culo para llevarlo a tu evento, te invito a completar el siguiente formulario sin compromiso. Mi equipo y yo esteremos encantados de resolver todas tus inquietudes. \u00a1H\u00e1blanos de tu evento!<\/p>\n\n\n\n<div style=\"height:20px\" aria-hidden=\"true\" class=\"wp-block-spacer\"><\/div>\n\n\n<div class=\"wpforms-container \" id=\"wpforms-5014\"><form id=\"wpforms-form-5014\" class=\"wpforms-validate wpforms-form wpforms-ajax-form\" data-formid=\"5014\" method=\"post\" enctype=\"multipart\/form-data\" action=\"\/en\/wp-json\/wp\/v2\/pages\/5019\" data-token=\"35a403306ed212aabbddd819378292c6\"><noscript class=\"wpforms-error-noscript\">Please enable JavaScript in your browser to complete this form.<\/noscript><div class=\"wpforms-field-container\"><div id=\"wpforms-5014-field_0-container\" class=\"wpforms-field wpforms-field-name\" data-field-id=\"0\"><label class=\"wpforms-field-label\" for=\"wpforms-5014-field_0\">Nombre <span class=\"wpforms-required-label\">*<\/span><\/label><input type=\"text\" id=\"wpforms-5014-field_0\" class=\"wpforms-field-medium wpforms-field-required\" name=\"wpforms[fields][0]\" required><\/div><div id=\"wpforms-5014-field_1-container\" class=\"wpforms-field wpforms-field-email\" data-field-id=\"1\"><label class=\"wpforms-field-label\" for=\"wpforms-5014-field_1\">Correo electr\u00f3nico <span class=\"wpforms-required-label\">*<\/span><\/label><input type=\"email\" id=\"wpforms-5014-field_1\" class=\"wpforms-field-medium wpforms-field-required\" name=\"wpforms[fields][1]\" required><\/div><div id=\"wpforms-5014-field_4-container\" class=\"wpforms-field wpforms-field-phone\" data-field-id=\"4\"><label class=\"wpforms-field-label\" for=\"wpforms-5014-field_4\">Whatsapp<\/label><input type=\"tel\" id=\"wpforms-5014-field_4\" class=\"wpforms-field-medium wpforms-smart-phone-field\" data-rule-smart-phone-field=\"true\" name=\"wpforms[fields][4]\" ><\/div><div id=\"wpforms-5014-field_8-container\" class=\"wpforms-field wpforms-field-text\" data-field-id=\"8\"><label class=\"wpforms-field-label\" for=\"wpforms-5014-field_8\">Indica Lugar de Evento <\/label><input type=\"text\" id=\"wpforms-5014-field_8\" class=\"wpforms-field-medium\" name=\"wpforms[fields][8]\" ><\/div><div id=\"wpforms-5014-field_3-container\" class=\"wpforms-field wpforms-field-select wpforms-field-select-style-classic\" data-field-id=\"3\"><label class=\"wpforms-field-label\" for=\"wpforms-5014-field_3\">\u00bfEn qu\u00e9 show est\u00e1s interesada\/o?<\/label><select id=\"wpforms-5014-field_3\" class=\"wpforms-field-medium\" name=\"wpforms[fields][3]\"><option value=\"Informaci\u00f3n General\" >Informaci\u00f3n General<\/option><option value=\"The Showman\" >The Showman<\/option><option value=\"Freak Museum \" >Freak Museum <\/option><option value=\"Magic Cotton Candy\" >Magic Cotton Candy<\/option><option value=\"Zoltar de la Fortuna\" >Zoltar de la Fortuna<\/option><option value=\"Cartonutti\" >Cartonutti<\/option><option value=\"Elephant Magic Show\" >Elephant Magic Show<\/option><option value=\"Magia para Ni\u00f1os\" >Magia para Ni\u00f1os<\/option><option value=\"Doma tus Miedos\" >Doma tus Miedos<\/option><\/select><\/div><div id=\"wpforms-5014-field_5-container\" class=\"wpforms-field wpforms-field-select wpforms-field-select-style-classic\" data-field-id=\"5\"><label class=\"wpforms-field-label\" for=\"wpforms-5014-field_5\">\u00bfQue tipo de Evento?<\/label><select id=\"wpforms-5014-field_5\" class=\"wpforms-field-medium\" name=\"wpforms[fields][5]\"><option value=\"Fiestas Patronales\/Festivales\" >Fiestas Patronales\/Festivales<\/option><option value=\"Boda\/Bautizo\/Comuni\u00f3n\" >Boda\/Bautizo\/Comuni\u00f3n<\/option><option value=\"Cumplea\u00f1os\" >Cumplea\u00f1os<\/option><option value=\"Otros\" >Otros<\/option><\/select><\/div><div id=\"wpforms-5014-field_2-container\" class=\"wpforms-field wpforms-field-textarea\" data-field-id=\"2\"><label class=\"wpforms-field-label\" for=\"wpforms-5014-field_2\">Comentario o mensaje<\/label><textarea id=\"wpforms-5014-field_2\" class=\"wpforms-field-medium\" name=\"wpforms[fields][2]\" ><\/textarea><\/div><\/div><div class=\"wpforms-recaptcha-container wpforms-is-recaptcha\"><div class=\"g-recaptcha\" data-sitekey=\"6LfzLjUiAAAAAIsdNlCVOfA59KqXLmk2QUZdSg_g\" data-size=\"invisible\"><\/div><\/div><div class=\"wpforms-submit-container\"><input type=\"hidden\" name=\"wpforms[id]\" value=\"5014\"><input type=\"hidden\" name=\"wpforms[author]\" value=\"1\"><button type=\"submit\" name=\"wpforms[submit]\" id=\"wpforms-submit-5014\" class=\"wpforms-submit\" data-alt-text=\"Enviando...\" data-submit-text=\"Enviar\" aria-live=\"assertive\" value=\"wpforms-submit\">Enviar<\/button><img loading=\"lazy\" decoding=\"async\" src=\"https:\/\/maximilianostia.com\/wp-content\/plugins\/wpforms\/assets\/images\/submit-spin.svg\" class=\"wpforms-submit-spinner\" style=\"display: none;\" width=\"26\" height=\"26\" alt=\"Loading\"><\/div><\/form><\/div>  <!-- .wpforms-container -->","protected":false},"excerpt":{"rendered":"<p>Espect\u00e1culo de Magia Zoltar de la Fortuna El Espect\u00e1culo de Magia Zoltar de la Fortuna es reconocido r\u00e1pidamente por la&hellip;<\/p>","protected":false},"author":1,"featured_media":0,"parent":0,"menu_order":9,"comment_status":"closed","ping_status":"closed","template":"","meta":{"footnotes":""},"yst_prominent_words":[],"class_list":["post-5019","page","type-page","status-publish","hentry"],"_links":{"self":[{"href":"https:\/\/maximilianostia.com\/en\/wp-json\/wp\/v2\/pages\/5019","targetHints":{"allow":["GET"]}}],"collection":[{"href":"https:\/\/maximilianostia.com\/en\/wp-json\/wp\/v2\/pages"}],"about":[{"href":"https:\/\/maximilianostia.com\/en\/wp-json\/wp\/v2\/types\/page"}],"author":[{"embeddable":true,"href":"https:\/\/maximilianostia.com\/en\/wp-json\/wp\/v2\/users\/1"}],"replies":[{"embeddable":true,"href":"https:\/\/maximilianostia.com\/en\/wp-json\/wp\/v2\/comments?post=5019"}],"version-history":[{"count":22,"href":"https:\/\/maximilianostia.com\/en\/wp-json\/wp\/v2\/pages\/5019\/revisions"}],"predecessor-version":[{"id":5427,"href":"https:\/\/maximilianostia.com\/en\/wp-json\/wp\/v2\/pages\/5019\/revisions\/5427"}],"wp:attachment":[{"href":"https:\/\/maximilianostia.com\/en\/wp-json\/wp\/v2\/media?parent=5019"}],"wp:term":[{"taxonomy":"yst_prominent_words","embeddable":true,"href":"https:\/\/maximilianostia.com\/en\/wp-json\/wp\/v2\/yst_prominent_words?post=5019"}],"curies":[{"name":"wp","href":"https:\/\/api.w.org\/{rel}","templated":true}]}}