{"id":5008,"date":"2022-09-26T22:31:27","date_gmt":"2022-09-26T20:31:27","guid":{"rendered":"https:\/\/maximilianostia.com\/?page_id=5008"},"modified":"2022-12-03T12:44:13","modified_gmt":"2022-12-03T11:44:13","slug":"espectaculo-de-magia-magic-cotton-candy","status":"publish","type":"page","link":"https:\/\/maximilianostia.com\/en\/espectaculo-de-magia-magic-cotton-candy\/","title":{"rendered":"Magic show Magic Cotton Candy"},"content":{"rendered":"\n<figure class=\"wp-block-image size-full\"><img fetchpriority=\"high\" decoding=\"async\" width=\"1000\" height=\"665\" src=\"https:\/\/maximilianostia.com\/wp-content\/uploads\/2022\/09\/aximiliano_Stia_Mago_humor_Barcelona.webp\" alt=\"Maximiliano_Stia_Mago_humor_Barcelona\" class=\"wp-image-4925\" srcset=\"https:\/\/maximilianostia.com\/wp-content\/uploads\/2022\/09\/aximiliano_Stia_Mago_humor_Barcelona.webp 1000w, https:\/\/maximilianostia.com\/wp-content\/uploads\/2022\/09\/aximiliano_Stia_Mago_humor_Barcelona-300x200.webp 300w, https:\/\/maximilianostia.com\/wp-content\/uploads\/2022\/09\/aximiliano_Stia_Mago_humor_Barcelona-768x511.webp 768w, https:\/\/maximilianostia.com\/wp-content\/uploads\/2022\/09\/aximiliano_Stia_Mago_humor_Barcelona-370x246.webp 370w, https:\/\/maximilianostia.com\/wp-content\/uploads\/2022\/09\/aximiliano_Stia_Mago_humor_Barcelona-760x505.webp 760w\" sizes=\"(max-width: 1000px) 100vw, 1000px\" \/><\/figure>\n\n\n\n<div style=\"height:20px\" aria-hidden=\"true\" class=\"wp-block-spacer\"><\/div>\n\n\n\n<h2 class=\"wp-block-heading\">Espect\u00e1culo de Magia Magic Cotton Candy<\/h2>\n\n\n\n<p>Si est\u00e1s pensando en hacer una fiesta o evento, te recomiendo altamente el espect\u00e1culo de Magia Magic Cotton Candy con algod\u00f3n de az\u00facar. Este n\u00famero es incre\u00edble y emocionante para todo tipo de p\u00fablico y evento. <\/p>\n\n\n\n<p>En este show es dif\u00edcil que nadie se sorprenda, ya que el algod\u00f3n de az\u00facar sale disparado haciendo siluetas que deben ser recogidas con gran habilidad. Por supuesto tambi\u00e9n habr\u00e1n juegos de magia que mantendr\u00e1n a los invitados entretenidos y muy animados.<\/p>\n\n\n\n<div style=\"height:15px\" aria-hidden=\"true\" class=\"wp-block-spacer\"><\/div>\n\n\n\n<figure class=\"wp-block-image size-full\"><img decoding=\"async\" width=\"1000\" height=\"563\" src=\"https:\/\/maximilianostia.com\/wp-content\/uploads\/2022\/09\/Algodon-de-azucar-magico-para-eventos.webp\" alt=\"Algod\u00f3n-de-az\u00facar-m\u00e1gico-para-eventos\" class=\"wp-image-5155\" srcset=\"https:\/\/maximilianostia.com\/wp-content\/uploads\/2022\/09\/Algodon-de-azucar-magico-para-eventos.webp 1000w, https:\/\/maximilianostia.com\/wp-content\/uploads\/2022\/09\/Algodon-de-azucar-magico-para-eventos-300x169.webp 300w, https:\/\/maximilianostia.com\/wp-content\/uploads\/2022\/09\/Algodon-de-azucar-magico-para-eventos-768x432.webp 768w, https:\/\/maximilianostia.com\/wp-content\/uploads\/2022\/09\/Algodon-de-azucar-magico-para-eventos-370x208.webp 370w, https:\/\/maximilianostia.com\/wp-content\/uploads\/2022\/09\/Algodon-de-azucar-magico-para-eventos-760x428.webp 760w, https:\/\/maximilianostia.com\/wp-content\/uploads\/2022\/09\/Algodon-de-azucar-magico-para-eventos-270x152.webp 270w\" sizes=\"(max-width: 1000px) 100vw, 1000px\" \/><\/figure>\n\n\n\n<div style=\"height:20px\" aria-hidden=\"true\" class=\"wp-block-spacer\"><\/div>\n\n\n\n<p>La puesta en escena es muy decorativa, ya que la m\u00e1quina que provee toda esta diversi\u00f3n, va montada sobre un carro de estilo <em>vintage<\/em>. Y por si esto te pareciera poco, al final del show, cada persona podr\u00e1 disfrutar de un delicioso y m\u00e1gico algod\u00f3n de az\u00facar.&nbsp;<\/p>\n\n\n\n<p>El espect\u00e1culo de Magia Magic Cotton Candy  es una experiencia que lo tiene todo en uno: Animaci\u00f3n, entretenimiento, magia, y por supuesto el algod\u00f3n de az\u00facar. <\/p>\n\n\n\n<div style=\"height:15px\" aria-hidden=\"true\" class=\"wp-block-spacer\"><\/div>\n\n\n\n<figure class=\"wp-block-embed is-type-video is-provider-youtube wp-block-embed-youtube wp-embed-aspect-4-3 wp-has-aspect-ratio\"><div class=\"wp-block-embed__wrapper\">\n<iframe title=\"Magic Cotton Candy\" width=\"1170\" height=\"878\" src=\"https:\/\/www.youtube.com\/embed\/jJdhWc5vP5U?feature=oembed\" frameborder=\"0\" allow=\"accelerometer; autoplay; clipboard-write; encrypted-media; gyroscope; picture-in-picture\" allowfullscreen><\/iframe>\n<\/div><\/figure>\n\n\n\n<h3 class=\"wp-block-heading\"><strong>Preguntas frecuentes<\/strong><\/h3>\n\n\n\n<div class=\"schema-faq wp-block-yoast-faq-block\"><div class=\"schema-faq-section\"><strong class=\"schema-faq-question\">\u00bfPara que tipo de Evento est\u00e1 pensado este show?<\/strong> <p class=\"schema-faq-answer\"><span style=\"letter-spacing: 0.24px;\">Este show est\u00e1 pensando para fiestas, eventos corporativos, presentaciones en vivo, bazares, reuniones sociales y mucho m\u00e1s. Mejor dicho, si tienes un evento en mente y deseas que estemos contigo, solo tienes que ponerte en contacto. <\/span><\/p> <\/div> <div class=\"schema-faq-section\"><strong class=\"schema-faq-question\">\u00bfTrabajan Por Hora? \u00bfCu\u00e1l es el Costo?<\/strong> <p class=\"schema-faq-answer\"><span style=\"letter-spacing: 0.24px;\">Tenemos una tarifa muy asequible que se adapta a tu bolsillo. Si deseas que te enviemos una cotizaci\u00f3n, solo tienes que ponerte en contacto. Adem\u00e1s, responderemos todas tus dudas de forma personalizada sin compromiso alguno. <\/span><\/p> <\/div> <div class=\"schema-faq-section\"><strong class=\"schema-faq-question\">\u00bfEl Show tiene alg\u00fan peligro?<\/strong> <p class=\"schema-faq-answer\"><span style=\"letter-spacing: 0.24px;\">El show no es peligroso. Contamos con un equipo profesional, raz\u00f3n por la cual nadie estar\u00e1 en riesgo. Adem\u00e1s, los peque\u00f1os tienen que mantener cierta distancia. \u00a1Y s\u00ed! Es recomendable para ni\u00f1os. De hecho, son los que m\u00e1s se divierten contemplando todo.\u00a0<\/span><\/p> <\/div> <\/div>\n\n\n\n<div style=\"height:15px\" aria-hidden=\"true\" class=\"wp-block-spacer\"><\/div>\n\n\n\n<p>Nuestro show de Magic Cotton Candy, como ya hemos resaltado, es visual, rico y m\u00e1gico. Se puede acompa\u00f1ar de buena m\u00fasica y resultar\u00e1 m\u00e1s llamativo a\u00fan. En definitiva, tienes que verlo en vivo para que experimentes en toda su plenitud esta experiencia. <\/p>\n\n\n\n<h2 class=\"wp-block-heading\">Lleva este show a tu Evento<\/h2>\n\n\n\n<p>Espect\u00e1culo de Magia Magic Cotton Candy&nbsp;puedes verlo en vivo y en directo en&nbsp;<a rel=\"noreferrer noopener\" href=\"https:\/\/elpalaciodelamagia.com\/teatro-magico\/\" target=\"_blank\">El Palacio de la Magia<\/a>. Consulta las programaciones semanales para enterarte de todos&nbsp;<strong><a href=\"https:\/\/maximilianostia.com\/espectaculos-de-maximiliano-stia\/\">mis shows<\/a><\/strong>&nbsp;u otras funciones de artistas invitados.<\/p>\n\n\n\n<p>Si lo que quieres es informarte de este espect\u00e1culo para llevarlo a tu evento, te invito a completar el siguiente formulario sin compromiso. Mi equipo y yo esteremos encantados de resolver todas tus inquietudes. \u00a1H\u00e1blanos de tu evento!<\/p>\n\n\n\n<div style=\"height:15px\" aria-hidden=\"true\" class=\"wp-block-spacer\"><\/div>\n\n\n<div class=\"wpforms-container \" id=\"wpforms-5014\"><form id=\"wpforms-form-5014\" class=\"wpforms-validate wpforms-form wpforms-ajax-form\" data-formid=\"5014\" method=\"post\" enctype=\"multipart\/form-data\" action=\"\/en\/wp-json\/wp\/v2\/pages\/5008\" data-token=\"8d053248426f78b9ece16fba2c3e4bbb\"><noscript class=\"wpforms-error-noscript\">Please enable JavaScript in your browser to complete this form.<\/noscript><div class=\"wpforms-field-container\"><div id=\"wpforms-5014-field_0-container\" class=\"wpforms-field wpforms-field-name\" data-field-id=\"0\"><label class=\"wpforms-field-label\" for=\"wpforms-5014-field_0\">Nombre <span class=\"wpforms-required-label\">*<\/span><\/label><input type=\"text\" id=\"wpforms-5014-field_0\" class=\"wpforms-field-medium wpforms-field-required\" name=\"wpforms[fields][0]\" required><\/div><div id=\"wpforms-5014-field_1-container\" class=\"wpforms-field wpforms-field-email\" data-field-id=\"1\"><label class=\"wpforms-field-label\" for=\"wpforms-5014-field_1\">Correo electr\u00f3nico <span class=\"wpforms-required-label\">*<\/span><\/label><input type=\"email\" id=\"wpforms-5014-field_1\" class=\"wpforms-field-medium wpforms-field-required\" name=\"wpforms[fields][1]\" required><\/div><div id=\"wpforms-5014-field_4-container\" class=\"wpforms-field wpforms-field-phone\" data-field-id=\"4\"><label class=\"wpforms-field-label\" for=\"wpforms-5014-field_4\">Whatsapp<\/label><input type=\"tel\" id=\"wpforms-5014-field_4\" class=\"wpforms-field-medium wpforms-smart-phone-field\" data-rule-smart-phone-field=\"true\" name=\"wpforms[fields][4]\" ><\/div><div id=\"wpforms-5014-field_8-container\" class=\"wpforms-field wpforms-field-text\" data-field-id=\"8\"><label class=\"wpforms-field-label\" for=\"wpforms-5014-field_8\">Indica Lugar de Evento <\/label><input type=\"text\" id=\"wpforms-5014-field_8\" class=\"wpforms-field-medium\" name=\"wpforms[fields][8]\" ><\/div><div id=\"wpforms-5014-field_3-container\" class=\"wpforms-field wpforms-field-select wpforms-field-select-style-classic\" data-field-id=\"3\"><label class=\"wpforms-field-label\" for=\"wpforms-5014-field_3\">\u00bfEn qu\u00e9 show est\u00e1s interesada\/o?<\/label><select id=\"wpforms-5014-field_3\" class=\"wpforms-field-medium\" name=\"wpforms[fields][3]\"><option value=\"Informaci\u00f3n General\" >Informaci\u00f3n General<\/option><option value=\"The Showman\" >The Showman<\/option><option value=\"Freak Museum \" >Freak Museum <\/option><option value=\"Magic Cotton Candy\" >Magic Cotton Candy<\/option><option value=\"Zoltar de la Fortuna\" >Zoltar de la Fortuna<\/option><option value=\"Cartonutti\" >Cartonutti<\/option><option value=\"Elephant Magic Show\" >Elephant Magic Show<\/option><option value=\"Magia para Ni\u00f1os\" >Magia para Ni\u00f1os<\/option><option value=\"Doma tus Miedos\" >Doma tus Miedos<\/option><\/select><\/div><div id=\"wpforms-5014-field_5-container\" class=\"wpforms-field wpforms-field-select wpforms-field-select-style-classic\" data-field-id=\"5\"><label class=\"wpforms-field-label\" for=\"wpforms-5014-field_5\">\u00bfQue tipo de Evento?<\/label><select id=\"wpforms-5014-field_5\" class=\"wpforms-field-medium\" name=\"wpforms[fields][5]\"><option value=\"Fiestas Patronales\/Festivales\" >Fiestas Patronales\/Festivales<\/option><option value=\"Boda\/Bautizo\/Comuni\u00f3n\" >Boda\/Bautizo\/Comuni\u00f3n<\/option><option value=\"Cumplea\u00f1os\" >Cumplea\u00f1os<\/option><option value=\"Otros\" >Otros<\/option><\/select><\/div><div id=\"wpforms-5014-field_2-container\" class=\"wpforms-field wpforms-field-textarea\" data-field-id=\"2\"><label class=\"wpforms-field-label\" for=\"wpforms-5014-field_2\">Comentario o mensaje<\/label><textarea id=\"wpforms-5014-field_2\" class=\"wpforms-field-medium\" name=\"wpforms[fields][2]\" ><\/textarea><\/div><\/div><div class=\"wpforms-recaptcha-container wpforms-is-recaptcha\"><div class=\"g-recaptcha\" data-sitekey=\"6LfzLjUiAAAAAIsdNlCVOfA59KqXLmk2QUZdSg_g\" data-size=\"invisible\"><\/div><\/div><div class=\"wpforms-submit-container\"><input type=\"hidden\" name=\"wpforms[id]\" value=\"5014\"><input type=\"hidden\" name=\"wpforms[author]\" value=\"1\"><button type=\"submit\" name=\"wpforms[submit]\" id=\"wpforms-submit-5014\" class=\"wpforms-submit\" data-alt-text=\"Enviando...\" data-submit-text=\"Enviar\" aria-live=\"assertive\" value=\"wpforms-submit\">Enviar<\/button><img decoding=\"async\" src=\"https:\/\/maximilianostia.com\/wp-content\/plugins\/wpforms\/assets\/images\/submit-spin.svg\" class=\"wpforms-submit-spinner\" style=\"display: none;\" width=\"26\" height=\"26\" alt=\"Loading\"><\/div><\/form><\/div>  <!-- .wpforms-container -->","protected":false},"excerpt":{"rendered":"<p>Espect\u00e1culo de Magia Magic Cotton Candy Si est\u00e1s pensando en hacer una fiesta o evento, te recomiendo altamente el espect\u00e1culo&hellip;<\/p>","protected":false},"author":1,"featured_media":0,"parent":0,"menu_order":9,"comment_status":"closed","ping_status":"closed","template":"","meta":{"footnotes":""},"yst_prominent_words":[],"class_list":["post-5008","page","type-page","status-publish","hentry"],"_links":{"self":[{"href":"https:\/\/maximilianostia.com\/en\/wp-json\/wp\/v2\/pages\/5008","targetHints":{"allow":["GET"]}}],"collection":[{"href":"https:\/\/maximilianostia.com\/en\/wp-json\/wp\/v2\/pages"}],"about":[{"href":"https:\/\/maximilianostia.com\/en\/wp-json\/wp\/v2\/types\/page"}],"author":[{"embeddable":true,"href":"https:\/\/maximilianostia.com\/en\/wp-json\/wp\/v2\/users\/1"}],"replies":[{"embeddable":true,"href":"https:\/\/maximilianostia.com\/en\/wp-json\/wp\/v2\/comments?post=5008"}],"version-history":[{"count":18,"href":"https:\/\/maximilianostia.com\/en\/wp-json\/wp\/v2\/pages\/5008\/revisions"}],"predecessor-version":[{"id":5727,"href":"https:\/\/maximilianostia.com\/en\/wp-json\/wp\/v2\/pages\/5008\/revisions\/5727"}],"wp:attachment":[{"href":"https:\/\/maximilianostia.com\/en\/wp-json\/wp\/v2\/media?parent=5008"}],"wp:term":[{"taxonomy":"yst_prominent_words","embeddable":true,"href":"https:\/\/maximilianostia.com\/en\/wp-json\/wp\/v2\/yst_prominent_words?post=5008"}],"curies":[{"name":"wp","href":"https:\/\/api.w.org\/{rel}","templated":true}]}}