{"id":4989,"date":"2022-09-26T17:57:31","date_gmt":"2022-09-26T15:57:31","guid":{"rendered":"https:\/\/maximilianostia.com\/?page_id=4989"},"modified":"2022-10-03T13:24:45","modified_gmt":"2022-10-03T11:24:45","slug":"show-freak-museum-de-maximiliano-stia","status":"publish","type":"page","link":"https:\/\/maximilianostia.com\/en\/show-freak-museum-de-maximiliano-stia\/","title":{"rendered":"Show Freak Museum de Maximiliano Stia"},"content":{"rendered":"\n<figure class=\"wp-block-image size-full\"><img fetchpriority=\"high\" decoding=\"async\" width=\"1000\" height=\"519\" src=\"https:\/\/maximilianostia.com\/wp-content\/uploads\/2022\/09\/image.webp\" alt=\"\" class=\"wp-image-4990\" srcset=\"https:\/\/maximilianostia.com\/wp-content\/uploads\/2022\/09\/image.webp 1000w, https:\/\/maximilianostia.com\/wp-content\/uploads\/2022\/09\/image-300x156.webp 300w, https:\/\/maximilianostia.com\/wp-content\/uploads\/2022\/09\/image-768x399.webp 768w, https:\/\/maximilianostia.com\/wp-content\/uploads\/2022\/09\/image-370x192.webp 370w, https:\/\/maximilianostia.com\/wp-content\/uploads\/2022\/09\/image-760x394.webp 760w\" sizes=\"(max-width: 1000px) 100vw, 1000px\" \/><\/figure>\n\n\n\n<h2 class=\"wp-block-heading\">Show Freak Museum<\/h2>\n\n\n\n<p>El Show Freak Museum de Maximiliano Stia es un homenaje a las ferias de atracciones que tanto entreten\u00edan y divert\u00edan al p\u00fablico de finales del siglo XIX, y que exhib\u00edan gente rara y atracciones sorprendentes. <\/p>\n\n\n\n<p>Este espect\u00e1culo es un innovador paseo por el mundo del ensue\u00f1o, la magia y el encantamiento, donde  los visitantes podr\u00e1n experimentar diferentes ilusiones, que han sido dise\u00f1adas por profesionales del mundo de la magia. <\/p>\n\n\n\n<p>Al terminar la funci\u00f3n, los espectadores podr\u00e1n hacerse fotos con una de nuestras atracciones m\u00e1s asombrosas. Todos podr\u00e1n conservar un bonito recuerdo de su paso por el Show Freak Museum de Maximiliano Stia.<\/p>\n\n\n\n<figure class=\"wp-block-image size-full\"><img decoding=\"async\" width=\"1000\" height=\"665\" src=\"https:\/\/maximilianostia.com\/wp-content\/uploads\/2022\/09\/iano-Stia-Mago-Gracioso-en-Barcelona.webp\" alt=\"Maximiliano-Stia-Mago-Gracioso-en-Barcelona\" class=\"wp-image-4928\" srcset=\"https:\/\/maximilianostia.com\/wp-content\/uploads\/2022\/09\/iano-Stia-Mago-Gracioso-en-Barcelona.webp 1000w, https:\/\/maximilianostia.com\/wp-content\/uploads\/2022\/09\/iano-Stia-Mago-Gracioso-en-Barcelona-300x200.webp 300w, https:\/\/maximilianostia.com\/wp-content\/uploads\/2022\/09\/iano-Stia-Mago-Gracioso-en-Barcelona-768x511.webp 768w, https:\/\/maximilianostia.com\/wp-content\/uploads\/2022\/09\/iano-Stia-Mago-Gracioso-en-Barcelona-370x246.webp 370w, https:\/\/maximilianostia.com\/wp-content\/uploads\/2022\/09\/iano-Stia-Mago-Gracioso-en-Barcelona-760x505.webp 760w\" sizes=\"(max-width: 1000px) 100vw, 1000px\" \/><\/figure>\n\n\n\n<h3 class=\"wp-block-heading\">La Puesta en Escena<\/h3>\n\n\n\n<p>Cuando se me ocurri\u00f3 este espect\u00e1culo, estaba fascinado por la \u00e9poca donde los artistas viajaban de pueblo en pueblo con sus carretas, y al llegar a los pueblos montaban una carpa o tienda para el espect\u00e1culo. Por eso tambi\u00e9n contamos con nuestra propia <strong>carpa<\/strong> especialmente dise\u00f1ada para este show.<\/p>\n\n\n\n<div style=\"height:20px\" aria-hidden=\"true\" class=\"wp-block-spacer\"><\/div>\n\n\n\n<figure class=\"wp-block-embed is-type-video is-provider-youtube wp-block-embed-youtube wp-embed-aspect-16-9 wp-has-aspect-ratio\"><div class=\"wp-block-embed__wrapper\">\n<iframe title=\"El Freak Museum\" width=\"1170\" height=\"658\" src=\"https:\/\/www.youtube.com\/embed\/0JkIauhyTDA?feature=oembed\" frameborder=\"0\" allow=\"accelerometer; autoplay; clipboard-write; encrypted-media; gyroscope; picture-in-picture\" allowfullscreen><\/iframe>\n<\/div><\/figure>\n\n\n\n<div style=\"height:40px\" aria-hidden=\"true\" class=\"wp-block-spacer\"><\/div>\n\n\n\n<p>El Show Freak Museum de Maximiliano Stia estar\u00e1 decorado siempre con las telas t\u00edpicas promocionales de aquella \u00e9poca, tan utilizadas en anta\u00f1o para anunciar sus n\u00fameros y atraer la atenci\u00f3n de la gente all\u00ed donde fueran.<\/p>\n\n\n\n<p>Una de las atracciones es el <em>Elixir M\u00e1gico<\/em> que al beberlo te transformas en una persona super fuerte. \u00a1Si lo beben los ni\u00f1os pueden levantar pesos que los adultos no son capaces ni de mover!. Tambi\u00e9n podr\u00e1n  inmortalizar este momento con una foto en nuestro photocall.<\/p>\n\n\n\n<h4 class=\"wp-block-heading\">Un Show Nost\u00e1lgico Y Divertido<\/h4>\n\n\n\n<p>Cuando hacemos este show en distintas ciudades siempre hay bonitas an\u00e9cdotas, por lo general se acercan abuelos y nos dicen cosas como: \u00abrecuerdo cuando era peque\u00f1o, y vino al pueblo una barraca donde hab\u00eda una mujer barbuda\u00bb.<\/p>\n\n\n\n<p>Por esa misma raz\u00f3n creamos este show, basado en ese maravilloso mundo de curiosidades y extravagancias, haciendo un homenaje a esa \u00e9poca y esa gente extraordinaria.<\/p>\n\n\n\n<div style=\"height:20px\" aria-hidden=\"true\" class=\"wp-block-spacer\"><\/div>\n\n\n\n<figure class=\"wp-block-image size-full\"><img decoding=\"async\" width=\"1000\" height=\"665\" src=\"https:\/\/maximilianostia.com\/wp-content\/uploads\/2022\/09\/ano-Stia-Mago-con-Humor-en-Barcelona.webp\" alt=\"Maximiliano-Stia-Mago-con-Humor-en-Barcelona\" class=\"wp-image-4924\" srcset=\"https:\/\/maximilianostia.com\/wp-content\/uploads\/2022\/09\/ano-Stia-Mago-con-Humor-en-Barcelona.webp 1000w, https:\/\/maximilianostia.com\/wp-content\/uploads\/2022\/09\/ano-Stia-Mago-con-Humor-en-Barcelona-300x200.webp 300w, https:\/\/maximilianostia.com\/wp-content\/uploads\/2022\/09\/ano-Stia-Mago-con-Humor-en-Barcelona-768x511.webp 768w, https:\/\/maximilianostia.com\/wp-content\/uploads\/2022\/09\/ano-Stia-Mago-con-Humor-en-Barcelona-370x246.webp 370w, https:\/\/maximilianostia.com\/wp-content\/uploads\/2022\/09\/ano-Stia-Mago-con-Humor-en-Barcelona-760x505.webp 760w\" sizes=\"(max-width: 1000px) 100vw, 1000px\" \/><\/figure>\n\n\n\n<h2 class=\"wp-block-heading\">Lleva este show a tu Evento<\/h2>\n\n\n\n<p><strong>El Show Freak Museum de Maximiliano Stia<\/strong>\u00a0puedes verlo en vivo y en directo en\u00a0<a rel=\"noreferrer noopener\" href=\"https:\/\/elpalaciodelamagia.com\/teatro-magico\/\" target=\"_blank\">El Palacio de la Magia<\/a>. Consulta las programaciones semanales para enterarte de todos\u00a0<strong><a href=\"https:\/\/maximilianostia.com\/espectaculos-de-maximiliano-stia\/\">mis shows<\/a><\/strong>\u00a0u otras funciones de artistas invitados.<\/p>\n\n\n\n<p>Si lo que quieres es informarte de este espect\u00e1culo para llevarlo a tu evento, te invito a completar el siguiente formulario sin compromiso. Mi equipo y yo esteremos encantados de resolver todas tus inquietudes. \u00a1H\u00e1blanos de tu evento!<\/p>\n\n\n<div class=\"wpforms-container \" id=\"wpforms-5014\"><form id=\"wpforms-form-5014\" class=\"wpforms-validate wpforms-form wpforms-ajax-form\" data-formid=\"5014\" method=\"post\" enctype=\"multipart\/form-data\" action=\"\/en\/wp-json\/wp\/v2\/pages\/4989\" data-token=\"0fdb30955cbbb369dae2b2ca5b5ed749\"><noscript class=\"wpforms-error-noscript\">Please enable JavaScript in your browser to complete this form.<\/noscript><div class=\"wpforms-field-container\"><div id=\"wpforms-5014-field_0-container\" class=\"wpforms-field wpforms-field-name\" data-field-id=\"0\"><label class=\"wpforms-field-label\" for=\"wpforms-5014-field_0\">Nombre <span class=\"wpforms-required-label\">*<\/span><\/label><input type=\"text\" id=\"wpforms-5014-field_0\" class=\"wpforms-field-medium wpforms-field-required\" name=\"wpforms[fields][0]\" required><\/div><div id=\"wpforms-5014-field_1-container\" class=\"wpforms-field wpforms-field-email\" data-field-id=\"1\"><label class=\"wpforms-field-label\" for=\"wpforms-5014-field_1\">Correo electr\u00f3nico <span class=\"wpforms-required-label\">*<\/span><\/label><input type=\"email\" id=\"wpforms-5014-field_1\" class=\"wpforms-field-medium wpforms-field-required\" name=\"wpforms[fields][1]\" required><\/div><div id=\"wpforms-5014-field_4-container\" class=\"wpforms-field wpforms-field-phone\" data-field-id=\"4\"><label class=\"wpforms-field-label\" for=\"wpforms-5014-field_4\">Whatsapp<\/label><input type=\"tel\" id=\"wpforms-5014-field_4\" class=\"wpforms-field-medium wpforms-smart-phone-field\" data-rule-smart-phone-field=\"true\" name=\"wpforms[fields][4]\" ><\/div><div id=\"wpforms-5014-field_8-container\" class=\"wpforms-field wpforms-field-text\" data-field-id=\"8\"><label class=\"wpforms-field-label\" for=\"wpforms-5014-field_8\">Indica Lugar de Evento <\/label><input type=\"text\" id=\"wpforms-5014-field_8\" class=\"wpforms-field-medium\" name=\"wpforms[fields][8]\" ><\/div><div id=\"wpforms-5014-field_3-container\" class=\"wpforms-field wpforms-field-select wpforms-field-select-style-classic\" data-field-id=\"3\"><label class=\"wpforms-field-label\" for=\"wpforms-5014-field_3\">\u00bfEn qu\u00e9 show est\u00e1s interesada\/o?<\/label><select id=\"wpforms-5014-field_3\" class=\"wpforms-field-medium\" name=\"wpforms[fields][3]\"><option value=\"Informaci\u00f3n General\" >Informaci\u00f3n General<\/option><option value=\"The Showman\" >The Showman<\/option><option value=\"Freak Museum \" >Freak Museum <\/option><option value=\"Magic Cotton Candy\" >Magic Cotton Candy<\/option><option value=\"Zoltar de la Fortuna\" >Zoltar de la Fortuna<\/option><option value=\"Cartonutti\" >Cartonutti<\/option><option value=\"Elephant Magic Show\" >Elephant Magic Show<\/option><option value=\"Magia para Ni\u00f1os\" >Magia para Ni\u00f1os<\/option><option value=\"Doma tus Miedos\" >Doma tus Miedos<\/option><\/select><\/div><div id=\"wpforms-5014-field_5-container\" class=\"wpforms-field wpforms-field-select wpforms-field-select-style-classic\" data-field-id=\"5\"><label class=\"wpforms-field-label\" for=\"wpforms-5014-field_5\">\u00bfQue tipo de Evento?<\/label><select id=\"wpforms-5014-field_5\" class=\"wpforms-field-medium\" name=\"wpforms[fields][5]\"><option value=\"Fiestas Patronales\/Festivales\" >Fiestas Patronales\/Festivales<\/option><option value=\"Boda\/Bautizo\/Comuni\u00f3n\" >Boda\/Bautizo\/Comuni\u00f3n<\/option><option value=\"Cumplea\u00f1os\" >Cumplea\u00f1os<\/option><option value=\"Otros\" >Otros<\/option><\/select><\/div><div id=\"wpforms-5014-field_2-container\" class=\"wpforms-field wpforms-field-textarea\" data-field-id=\"2\"><label class=\"wpforms-field-label\" for=\"wpforms-5014-field_2\">Comentario o mensaje<\/label><textarea id=\"wpforms-5014-field_2\" class=\"wpforms-field-medium\" name=\"wpforms[fields][2]\" ><\/textarea><\/div><\/div><div class=\"wpforms-recaptcha-container wpforms-is-recaptcha\"><div class=\"g-recaptcha\" data-sitekey=\"6LfzLjUiAAAAAIsdNlCVOfA59KqXLmk2QUZdSg_g\" data-size=\"invisible\"><\/div><\/div><div class=\"wpforms-submit-container\"><input type=\"hidden\" name=\"wpforms[id]\" value=\"5014\"><input type=\"hidden\" name=\"wpforms[author]\" value=\"1\"><button type=\"submit\" name=\"wpforms[submit]\" id=\"wpforms-submit-5014\" class=\"wpforms-submit\" data-alt-text=\"Enviando...\" data-submit-text=\"Enviar\" aria-live=\"assertive\" value=\"wpforms-submit\">Enviar<\/button><img loading=\"lazy\" decoding=\"async\" src=\"https:\/\/maximilianostia.com\/wp-content\/plugins\/wpforms\/assets\/images\/submit-spin.svg\" class=\"wpforms-submit-spinner\" style=\"display: none;\" width=\"26\" height=\"26\" alt=\"Loading\"><\/div><\/form><\/div>  <!-- .wpforms-container -->","protected":false},"excerpt":{"rendered":"<p>Show Freak Museum El Show Freak Museum de Maximiliano Stia es un homenaje a las ferias de atracciones que tanto&hellip;<\/p>","protected":false},"author":1,"featured_media":0,"parent":0,"menu_order":8,"comment_status":"closed","ping_status":"closed","template":"","meta":{"footnotes":""},"yst_prominent_words":[],"class_list":["post-4989","page","type-page","status-publish","hentry"],"_links":{"self":[{"href":"https:\/\/maximilianostia.com\/en\/wp-json\/wp\/v2\/pages\/4989","targetHints":{"allow":["GET"]}}],"collection":[{"href":"https:\/\/maximilianostia.com\/en\/wp-json\/wp\/v2\/pages"}],"about":[{"href":"https:\/\/maximilianostia.com\/en\/wp-json\/wp\/v2\/types\/page"}],"author":[{"embeddable":true,"href":"https:\/\/maximilianostia.com\/en\/wp-json\/wp\/v2\/users\/1"}],"replies":[{"embeddable":true,"href":"https:\/\/maximilianostia.com\/en\/wp-json\/wp\/v2\/comments?post=4989"}],"version-history":[{"count":16,"href":"https:\/\/maximilianostia.com\/en\/wp-json\/wp\/v2\/pages\/4989\/revisions"}],"predecessor-version":[{"id":5373,"href":"https:\/\/maximilianostia.com\/en\/wp-json\/wp\/v2\/pages\/4989\/revisions\/5373"}],"wp:attachment":[{"href":"https:\/\/maximilianostia.com\/en\/wp-json\/wp\/v2\/media?parent=4989"}],"wp:term":[{"taxonomy":"yst_prominent_words","embeddable":true,"href":"https:\/\/maximilianostia.com\/en\/wp-json\/wp\/v2\/yst_prominent_words?post=4989"}],"curies":[{"name":"wp","href":"https:\/\/api.w.org\/{rel}","templated":true}]}}