{"id":4981,"date":"2022-09-26T14:01:52","date_gmt":"2022-09-26T12:01:52","guid":{"rendered":"https:\/\/maximilianostia.com\/?page_id=4981"},"modified":"2022-11-14T17:51:49","modified_gmt":"2022-11-14T16:51:49","slug":"espectaculo-de-magia-the-showman","status":"publish","type":"page","link":"https:\/\/maximilianostia.com\/en\/espectaculo-de-magia-the-showman\/","title":{"rendered":"Magic show-The Showman"},"content":{"rendered":"\n<figure class=\"wp-block-image size-full\"><img fetchpriority=\"high\" decoding=\"async\" width=\"1000\" height=\"667\" src=\"https:\/\/maximilianostia.com\/wp-content\/uploads\/2022\/10\/e-Showman-Maximiliano-Stia-Barcelona.webp\" alt=\"\" class=\"wp-image-5343\" srcset=\"https:\/\/maximilianostia.com\/wp-content\/uploads\/2022\/10\/e-Showman-Maximiliano-Stia-Barcelona.webp 1000w, https:\/\/maximilianostia.com\/wp-content\/uploads\/2022\/10\/e-Showman-Maximiliano-Stia-Barcelona-300x200.webp 300w, https:\/\/maximilianostia.com\/wp-content\/uploads\/2022\/10\/e-Showman-Maximiliano-Stia-Barcelona-768x512.webp 768w, https:\/\/maximilianostia.com\/wp-content\/uploads\/2022\/10\/e-Showman-Maximiliano-Stia-Barcelona-370x247.webp 370w, https:\/\/maximilianostia.com\/wp-content\/uploads\/2022\/10\/e-Showman-Maximiliano-Stia-Barcelona-760x507.webp 760w\" sizes=\"(max-width: 1000px) 100vw, 1000px\" \/><\/figure>\n\n\n\n<h2 class=\"wp-block-heading\">Espect\u00e1culo de Magia The Showman<\/h2>\n\n\n\n<p>El espect\u00e1culo de magia The Showman es fruto de mi experiencia acumulada en haber trabajado 2 an\u0303os en el <em>Giffords Circus<\/em> de Inglaterra, y otros 4 an\u0303os como <strong>mago y presentador<\/strong> del Circo <em>Raluy Legacy<\/em> de Barcelona. Podr\u00eda decirse que prepar\u00e9 un show con lo m\u00e1s entretenido y espectacular que pude aprender mientras trabajaba en los circos.<\/p>\n\n\n\n<p>Los espect\u00e1culos de circo funcionan muy bien en todos lados, porque su puesta en escena esta pensada para hacer re\u00edr (y mucho) al publico en general, que adem\u00e1s suele ser tambi\u00e9n familiar. <\/p>\n\n\n\n<p>Del principio al final se ir\u00e1n hilando mis diversos n\u00fameros de actuaciones con el fin de que no paren de re\u00edr peque\u00f1os y mayores. Y esa es la finalidad de este espect\u00e1culo que Promete humor ,Circo y Magia en el mismo escenario.<\/p>\n\n\n\n<div style=\"height:20px\" aria-hidden=\"true\" class=\"wp-block-spacer\"><\/div>\n\n\n<div class=\"wp-block-image\">\n<figure class=\"aligncenter size-full\"><img decoding=\"async\" width=\"665\" height=\"1000\" src=\"https:\/\/maximilianostia.com\/wp-content\/uploads\/2022\/09\/l-MundoMaximiliano-Stia-en-Barcelona.webp\" alt=\"Magia por el-MundoMaximiliano-Stia-en-Barcelona\" class=\"wp-image-4929\" srcset=\"https:\/\/maximilianostia.com\/wp-content\/uploads\/2022\/09\/l-MundoMaximiliano-Stia-en-Barcelona.webp 665w, https:\/\/maximilianostia.com\/wp-content\/uploads\/2022\/09\/l-MundoMaximiliano-Stia-en-Barcelona-200x300.webp 200w, https:\/\/maximilianostia.com\/wp-content\/uploads\/2022\/09\/l-MundoMaximiliano-Stia-en-Barcelona-370x556.webp 370w\" sizes=\"(max-width: 665px) 100vw, 665px\" \/><\/figure><\/div>\n\n\n<p><br>En el espect\u00e1culo de magia <strong>The Showman<\/strong>, es Maximiliano Stia quien lo da todo en el escenario, pero el verdadero protagonismo lo tiene el publico. Mezclo mi habilidad como mago y mi sensibilidad como presentador de circo para lograr una conexi\u00f3n con la gente.<\/p>\n\n\n\n<p> En el escenario exhibir\u00e9 mis efectos de magia mas asombrosos, y tambi\u00e9n ver\u00e1s en mi las destrezas que desarrolle en el mundo del circo. Este espect\u00e1culo te har\u00e1 volver a creer en la magia.<\/p>\n\n\n\n<div style=\"height:20px\" aria-hidden=\"true\" class=\"wp-block-spacer\"><\/div>\n\n\n\n<figure class=\"wp-block-embed is-type-video is-provider-youtube wp-block-embed-youtube wp-embed-aspect-16-9 wp-has-aspect-ratio\"><div class=\"wp-block-embed__wrapper\">\n<iframe title=\"The Showman en El Palacio de la Magia\" width=\"1170\" height=\"658\" src=\"https:\/\/www.youtube.com\/embed\/NnIZXPdrfb0?feature=oembed\" frameborder=\"0\" allow=\"accelerometer; autoplay; clipboard-write; encrypted-media; gyroscope; picture-in-picture\" allowfullscreen><\/iframe>\n<\/div><\/figure>\n\n\n\n<div style=\"height:20px\" aria-hidden=\"true\" class=\"wp-block-spacer\"><\/div>\n\n\n\n<h3 class=\"wp-block-heading\">Lleva este show a tu Evento <\/h3>\n\n\n\n<p>El espect\u00e1culo de magia <strong>The Showman<\/strong> puedes verlo en vivo y en directo en <a href=\"https:\/\/elpalaciodelamagia.com\/teatro-magico\/\">El Palacio de la Magia<\/a>. Consulta las programaciones semanales para enterarte de todos <strong><a href=\"https:\/\/maximilianostia.com\/espectaculos-de-maximiliano-stia\/\">mis shows<\/a><\/strong> u otras funciones de artistas invitados.  <\/p>\n\n\n\n<p>Si lo que quieres es informarte de este espect\u00e1culo para llevarlo a tu evento, te invito a completar el siguiente formulario sin compromiso. Mi equipo y yo esteremos encantados de resolver todas tus inquietudes. \u00a1H\u00e1blanos de tu evento!<\/p>\n\n\n\n<div style=\"height:15px\" aria-hidden=\"true\" class=\"wp-block-spacer\"><\/div>\n\n\n<div class=\"wpforms-container \" id=\"wpforms-5014\"><form id=\"wpforms-form-5014\" class=\"wpforms-validate wpforms-form wpforms-ajax-form\" data-formid=\"5014\" method=\"post\" enctype=\"multipart\/form-data\" action=\"\/en\/wp-json\/wp\/v2\/pages\/4981\" data-token=\"35a403306ed212aabbddd819378292c6\"><noscript class=\"wpforms-error-noscript\">Please enable JavaScript in your browser to complete this form.<\/noscript><div class=\"wpforms-field-container\"><div id=\"wpforms-5014-field_0-container\" class=\"wpforms-field wpforms-field-name\" data-field-id=\"0\"><label class=\"wpforms-field-label\" for=\"wpforms-5014-field_0\">Nombre <span class=\"wpforms-required-label\">*<\/span><\/label><input type=\"text\" id=\"wpforms-5014-field_0\" class=\"wpforms-field-medium wpforms-field-required\" name=\"wpforms[fields][0]\" required><\/div><div id=\"wpforms-5014-field_1-container\" class=\"wpforms-field wpforms-field-email\" data-field-id=\"1\"><label class=\"wpforms-field-label\" for=\"wpforms-5014-field_1\">Correo electr\u00f3nico <span class=\"wpforms-required-label\">*<\/span><\/label><input type=\"email\" id=\"wpforms-5014-field_1\" class=\"wpforms-field-medium wpforms-field-required\" name=\"wpforms[fields][1]\" required><\/div><div id=\"wpforms-5014-field_4-container\" class=\"wpforms-field wpforms-field-phone\" data-field-id=\"4\"><label class=\"wpforms-field-label\" for=\"wpforms-5014-field_4\">Whatsapp<\/label><input type=\"tel\" id=\"wpforms-5014-field_4\" class=\"wpforms-field-medium wpforms-smart-phone-field\" data-rule-smart-phone-field=\"true\" name=\"wpforms[fields][4]\" ><\/div><div id=\"wpforms-5014-field_8-container\" class=\"wpforms-field wpforms-field-text\" data-field-id=\"8\"><label class=\"wpforms-field-label\" for=\"wpforms-5014-field_8\">Indica Lugar de Evento <\/label><input type=\"text\" id=\"wpforms-5014-field_8\" class=\"wpforms-field-medium\" name=\"wpforms[fields][8]\" ><\/div><div id=\"wpforms-5014-field_3-container\" class=\"wpforms-field wpforms-field-select wpforms-field-select-style-classic\" data-field-id=\"3\"><label class=\"wpforms-field-label\" for=\"wpforms-5014-field_3\">\u00bfEn qu\u00e9 show est\u00e1s interesada\/o?<\/label><select id=\"wpforms-5014-field_3\" class=\"wpforms-field-medium\" name=\"wpforms[fields][3]\"><option value=\"Informaci\u00f3n General\" >Informaci\u00f3n General<\/option><option value=\"The Showman\" >The Showman<\/option><option value=\"Freak Museum \" >Freak Museum <\/option><option value=\"Magic Cotton Candy\" >Magic Cotton Candy<\/option><option value=\"Zoltar de la Fortuna\" >Zoltar de la Fortuna<\/option><option value=\"Cartonutti\" >Cartonutti<\/option><option value=\"Elephant Magic Show\" >Elephant Magic Show<\/option><option value=\"Magia para Ni\u00f1os\" >Magia para Ni\u00f1os<\/option><option value=\"Doma tus Miedos\" >Doma tus Miedos<\/option><\/select><\/div><div id=\"wpforms-5014-field_5-container\" class=\"wpforms-field wpforms-field-select wpforms-field-select-style-classic\" data-field-id=\"5\"><label class=\"wpforms-field-label\" for=\"wpforms-5014-field_5\">\u00bfQue tipo de Evento?<\/label><select id=\"wpforms-5014-field_5\" class=\"wpforms-field-medium\" name=\"wpforms[fields][5]\"><option value=\"Fiestas Patronales\/Festivales\" >Fiestas Patronales\/Festivales<\/option><option value=\"Boda\/Bautizo\/Comuni\u00f3n\" >Boda\/Bautizo\/Comuni\u00f3n<\/option><option value=\"Cumplea\u00f1os\" >Cumplea\u00f1os<\/option><option value=\"Otros\" >Otros<\/option><\/select><\/div><div id=\"wpforms-5014-field_2-container\" class=\"wpforms-field wpforms-field-textarea\" data-field-id=\"2\"><label class=\"wpforms-field-label\" for=\"wpforms-5014-field_2\">Comentario o mensaje<\/label><textarea id=\"wpforms-5014-field_2\" class=\"wpforms-field-medium\" name=\"wpforms[fields][2]\" ><\/textarea><\/div><\/div><div class=\"wpforms-recaptcha-container wpforms-is-recaptcha\"><div class=\"g-recaptcha\" data-sitekey=\"6LfzLjUiAAAAAIsdNlCVOfA59KqXLmk2QUZdSg_g\" data-size=\"invisible\"><\/div><\/div><div class=\"wpforms-submit-container\"><input type=\"hidden\" name=\"wpforms[id]\" value=\"5014\"><input type=\"hidden\" name=\"wpforms[author]\" value=\"1\"><button type=\"submit\" name=\"wpforms[submit]\" id=\"wpforms-submit-5014\" class=\"wpforms-submit\" data-alt-text=\"Enviando...\" data-submit-text=\"Enviar\" aria-live=\"assertive\" value=\"wpforms-submit\">Enviar<\/button><img decoding=\"async\" src=\"https:\/\/maximilianostia.com\/wp-content\/plugins\/wpforms\/assets\/images\/submit-spin.svg\" class=\"wpforms-submit-spinner\" style=\"display: none;\" width=\"26\" height=\"26\" alt=\"Loading\"><\/div><\/form><\/div>  <!-- .wpforms-container -->","protected":false},"excerpt":{"rendered":"<p>Espect\u00e1culo de Magia The Showman El espect\u00e1culo de magia The Showman es fruto de mi experiencia acumulada en haber trabajado&hellip;<\/p>","protected":false},"author":1,"featured_media":0,"parent":0,"menu_order":7,"comment_status":"closed","ping_status":"closed","template":"","meta":{"footnotes":""},"yst_prominent_words":[],"class_list":["post-4981","page","type-page","status-publish","hentry"],"_links":{"self":[{"href":"https:\/\/maximilianostia.com\/en\/wp-json\/wp\/v2\/pages\/4981","targetHints":{"allow":["GET"]}}],"collection":[{"href":"https:\/\/maximilianostia.com\/en\/wp-json\/wp\/v2\/pages"}],"about":[{"href":"https:\/\/maximilianostia.com\/en\/wp-json\/wp\/v2\/types\/page"}],"author":[{"embeddable":true,"href":"https:\/\/maximilianostia.com\/en\/wp-json\/wp\/v2\/users\/1"}],"replies":[{"embeddable":true,"href":"https:\/\/maximilianostia.com\/en\/wp-json\/wp\/v2\/comments?post=4981"}],"version-history":[{"count":11,"href":"https:\/\/maximilianostia.com\/en\/wp-json\/wp\/v2\/pages\/4981\/revisions"}],"predecessor-version":[{"id":5723,"href":"https:\/\/maximilianostia.com\/en\/wp-json\/wp\/v2\/pages\/4981\/revisions\/5723"}],"wp:attachment":[{"href":"https:\/\/maximilianostia.com\/en\/wp-json\/wp\/v2\/media?parent=4981"}],"wp:term":[{"taxonomy":"yst_prominent_words","embeddable":true,"href":"https:\/\/maximilianostia.com\/en\/wp-json\/wp\/v2\/yst_prominent_words?post=4981"}],"curies":[{"name":"wp","href":"https:\/\/api.w.org\/{rel}","templated":true}]}}