{"id":4875,"date":"2022-09-25T20:54:31","date_gmt":"2022-09-25T18:54:31","guid":{"rendered":"https:\/\/maximilianostia.com\/?page_id=4875"},"modified":"2022-10-02T13:59:10","modified_gmt":"2022-10-02T11:59:10","slug":"espectaculos-de-maximiliano-stia","status":"publish","type":"page","link":"https:\/\/maximilianostia.com\/en\/espectaculos-de-maximiliano-stia\/","title":{"rendered":"Shows Maximilian Stia"},"content":{"rendered":"<h2 class=\"has-text-align-center wp-block-heading\">Shows Maximilian Stia<\/h2>\n\n\n\n<h5 class=\"has-text-align-center wp-block-heading\">My experience at the service of the show<\/h5>\n\n\n\n<p class=\"has-text-align-center\">On this page I have the pleasure to introduce you to the best shows that I&#039;ve offered throughout my artistic career. The Performances of Maximilian Stia are designed and designed carefully to suit each event. From school settings to corporate. In each of these shows will be the magic and fun guaranteed.<\/p>\n\n\n\n<div style=\"height:70px\" aria-hidden=\"true\" class=\"wp-block-spacer\"><\/div>\n\n\n\n<div class=\"wp-block-media-text alignwide is-stacked-on-mobile\"><figure class=\"wp-block-media-text__media\"><img fetchpriority=\"high\" decoding=\"async\" width=\"1000\" height=\"665\" src=\"https:\/\/maximilianostia.com\/wp-content\/uploads\/2022\/09\/doMaximiliano-Stia-Show-en-Barcelona.webp\" alt=\"Magia por el mundo Maximiliano-Stia-Show-en-Barcelona\" class=\"wp-image-4926 size-full\" srcset=\"https:\/\/maximilianostia.com\/wp-content\/uploads\/2022\/09\/doMaximiliano-Stia-Show-en-Barcelona.webp 1000w, https:\/\/maximilianostia.com\/wp-content\/uploads\/2022\/09\/doMaximiliano-Stia-Show-en-Barcelona-300x200.webp 300w, https:\/\/maximilianostia.com\/wp-content\/uploads\/2022\/09\/doMaximiliano-Stia-Show-en-Barcelona-768x511.webp 768w, https:\/\/maximilianostia.com\/wp-content\/uploads\/2022\/09\/doMaximiliano-Stia-Show-en-Barcelona-370x246.webp 370w, https:\/\/maximilianostia.com\/wp-content\/uploads\/2022\/09\/doMaximiliano-Stia-Show-en-Barcelona-760x505.webp 760w\" sizes=\"(max-width: 1000px) 100vw, 1000px\" \/><\/figure><div class=\"wp-block-media-text__content\">\n<h2 class=\"wp-block-heading\">The Showman <\/h2>\n\n\n\n<p>This is a show that amuses, entertains and pleases the public in general. It is based on my extensive experience in the scenario where you&#039;ll be able to see the effects of magic more amazing.<\/p>\n\n\n\n<div class=\"wp-block-buttons is-layout-flex wp-block-buttons-is-layout-flex\">\n<div class=\"wp-block-button is-style-outline is-style-outline--1\"><a class=\"wp-block-button__link\" href=\"https:\/\/maximilianostia.com\/en\/espectaculo-de-magia-the-showman\/\">Learn more<\/a><\/div>\n<\/div>\n<\/div><\/div>\n\n\n\n<div style=\"height:30px\" aria-hidden=\"true\" class=\"wp-block-spacer\"><\/div>\n\n\n\n<div class=\"wp-block-media-text alignwide is-stacked-on-mobile\"><figure class=\"wp-block-media-text__media\"><img decoding=\"async\" width=\"1000\" height=\"665\" src=\"https:\/\/maximilianostia.com\/wp-content\/uploads\/2022\/09\/ano-Stia-Mago-con-Humor-en-Barcelona.webp\" alt=\"Maximiliano-Stia-Mago-con-Humor-en-Barcelona\" class=\"wp-image-4924 size-full\" srcset=\"https:\/\/maximilianostia.com\/wp-content\/uploads\/2022\/09\/ano-Stia-Mago-con-Humor-en-Barcelona.webp 1000w, https:\/\/maximilianostia.com\/wp-content\/uploads\/2022\/09\/ano-Stia-Mago-con-Humor-en-Barcelona-300x200.webp 300w, https:\/\/maximilianostia.com\/wp-content\/uploads\/2022\/09\/ano-Stia-Mago-con-Humor-en-Barcelona-768x511.webp 768w, https:\/\/maximilianostia.com\/wp-content\/uploads\/2022\/09\/ano-Stia-Mago-con-Humor-en-Barcelona-370x246.webp 370w, https:\/\/maximilianostia.com\/wp-content\/uploads\/2022\/09\/ano-Stia-Mago-con-Humor-en-Barcelona-760x505.webp 760w\" sizes=\"(max-width: 1000px) 100vw, 1000px\" \/><\/figure><div class=\"wp-block-media-text__content\">\n<h2 class=\"wp-block-heading\">FREAK MUSEUM<\/h2>\n\n\n\n<p>This show is designed for all audiences, and is based on the old fairgrounds, where they were to meet diverse and extraordinary magic numbers. <\/p>\n\n\n\n<div class=\"wp-block-buttons is-layout-flex wp-block-buttons-is-layout-flex\">\n<div class=\"wp-block-button is-style-outline is-style-outline--2\"><a class=\"wp-block-button__link\" href=\"https:\/\/maximilianostia.com\/en\/show-freak-museum-de-maximiliano-stia\/\">Learn more<\/a><\/div>\n<\/div>\n<\/div><\/div>\n\n\n\n<div style=\"height:30px\" aria-hidden=\"true\" class=\"wp-block-spacer\"><\/div>\n\n\n\n<div class=\"wp-block-media-text alignwide is-stacked-on-mobile\"><figure class=\"wp-block-media-text__media\"><img decoding=\"async\" width=\"1000\" height=\"665\" src=\"https:\/\/maximilianostia.com\/wp-content\/uploads\/2022\/09\/miliano_Stia_Mago_circo_en_Barcelona.webp\" alt=\"Magic Cotton Candy Maximiliano_Stia_Mago_circo_en_Barcelona\" class=\"wp-image-4937 size-full\" srcset=\"https:\/\/maximilianostia.com\/wp-content\/uploads\/2022\/09\/miliano_Stia_Mago_circo_en_Barcelona.webp 1000w, https:\/\/maximilianostia.com\/wp-content\/uploads\/2022\/09\/miliano_Stia_Mago_circo_en_Barcelona-300x200.webp 300w, https:\/\/maximilianostia.com\/wp-content\/uploads\/2022\/09\/miliano_Stia_Mago_circo_en_Barcelona-768x511.webp 768w, https:\/\/maximilianostia.com\/wp-content\/uploads\/2022\/09\/miliano_Stia_Mago_circo_en_Barcelona-370x246.webp 370w, https:\/\/maximilianostia.com\/wp-content\/uploads\/2022\/09\/miliano_Stia_Mago_circo_en_Barcelona-760x505.webp 760w\" sizes=\"(max-width: 1000px) 100vw, 1000px\" \/><\/figure><div class=\"wp-block-media-text__content\">\n<h2 class=\"wp-block-heading\">Magic Cotton Candy<\/h2>\n\n\n\n<p>This show filled with visual effects, magic and fun, will make your event a celebration unique and original, where both young and old are sure to enjoy.<\/p>\n\n\n\n<div class=\"wp-block-buttons is-layout-flex wp-block-buttons-is-layout-flex\">\n<div class=\"wp-block-button is-style-outline is-style-outline--3\"><a class=\"wp-block-button__link\" href=\"https:\/\/maximilianostia.com\/en\/magic-cotton-candy\/\">Learn more<\/a><\/div>\n<\/div>\n<\/div><\/div>\n\n\n\n<div style=\"height:30px\" aria-hidden=\"true\" class=\"wp-block-spacer\"><\/div>\n\n\n\n<div class=\"wp-block-media-text alignwide is-stacked-on-mobile\"><figure class=\"wp-block-media-text__media\"><img loading=\"lazy\" decoding=\"async\" width=\"1000\" height=\"665\" src=\"https:\/\/maximilianostia.com\/wp-content\/uploads\/2022\/09\/Zoltar-de-la-fortuna-Maximiliano-Stia-Magia-Humor-en-Barcelona.webp\" alt=\"Zoltar-de-la-fortuna-Maximiliano-Stia-Magia-Humor-en-Barcelona\" class=\"wp-image-4947 size-full\" srcset=\"https:\/\/maximilianostia.com\/wp-content\/uploads\/2022\/09\/Zoltar-de-la-fortuna-Maximiliano-Stia-Magia-Humor-en-Barcelona.webp 1000w, https:\/\/maximilianostia.com\/wp-content\/uploads\/2022\/09\/Zoltar-de-la-fortuna-Maximiliano-Stia-Magia-Humor-en-Barcelona-300x200.webp 300w, https:\/\/maximilianostia.com\/wp-content\/uploads\/2022\/09\/Zoltar-de-la-fortuna-Maximiliano-Stia-Magia-Humor-en-Barcelona-768x511.webp 768w, https:\/\/maximilianostia.com\/wp-content\/uploads\/2022\/09\/Zoltar-de-la-fortuna-Maximiliano-Stia-Magia-Humor-en-Barcelona-370x246.webp 370w, https:\/\/maximilianostia.com\/wp-content\/uploads\/2022\/09\/Zoltar-de-la-fortuna-Maximiliano-Stia-Magia-Humor-en-Barcelona-760x505.webp 760w\" sizes=\"(max-width: 1000px) 100vw, 1000px\" \/><\/figure><div class=\"wp-block-media-text__content\">\n<h2 class=\"wp-block-heading\">Zoltar Fortune<\/h2>\n\n\n\n<p>With this show of close-up magic you&#039;ll be able to entertain the audience with a reading of hands, prediction, future, fortune, where your event will not go unnoticed. <\/p>\n\n\n\n<div class=\"wp-block-buttons is-layout-flex wp-block-buttons-is-layout-flex\">\n<div class=\"wp-block-button is-style-outline is-style-outline--4\"><a class=\"wp-block-button__link\" href=\"https:\/\/maximilianostia.com\/en\/zoltar-de-la-fortuna\/\">learn more<\/a><\/div>\n<\/div>\n<\/div><\/div>\n\n\n\n<div style=\"height:30px\" aria-hidden=\"true\" class=\"wp-block-spacer\"><\/div>\n\n\n\n<div style=\"height:30px\" aria-hidden=\"true\" class=\"wp-block-spacer\"><\/div>\n\n\n\n<div class=\"wp-block-media-text alignwide is-stacked-on-mobile\"><figure class=\"wp-block-media-text__media\"><img loading=\"lazy\" decoding=\"async\" width=\"1000\" height=\"665\" src=\"https:\/\/maximilianostia.com\/wp-content\/uploads\/2022\/09\/os-en-Barcelona-por-Maximiliano-Stia.webp\" alt=\"Magia para colegios-en-Barcelona-por-Maximiliano-Stia\" class=\"wp-image-4938 size-full\" srcset=\"https:\/\/maximilianostia.com\/wp-content\/uploads\/2022\/09\/os-en-Barcelona-por-Maximiliano-Stia.webp 1000w, https:\/\/maximilianostia.com\/wp-content\/uploads\/2022\/09\/os-en-Barcelona-por-Maximiliano-Stia-300x200.webp 300w, https:\/\/maximilianostia.com\/wp-content\/uploads\/2022\/09\/os-en-Barcelona-por-Maximiliano-Stia-768x511.webp 768w, https:\/\/maximilianostia.com\/wp-content\/uploads\/2022\/09\/os-en-Barcelona-por-Maximiliano-Stia-370x246.webp 370w, https:\/\/maximilianostia.com\/wp-content\/uploads\/2022\/09\/os-en-Barcelona-por-Maximiliano-Stia-760x505.webp 760w\" sizes=\"(max-width: 1000px) 100vw, 1000px\" \/><\/figure><div class=\"wp-block-media-text__content\">\n<h2 class=\"wp-block-heading\">Cartonutti<\/h2>\n\n\n\n<p>Magic Show designed to raise awareness to the little ones and accompany teachers with the care of the environment. There you will learn while they have fun!<\/p>\n\n\n\n<div class=\"wp-block-buttons is-layout-flex wp-block-buttons-is-layout-flex\">\n<div class=\"wp-block-button is-style-outline is-style-outline--5\"><a class=\"wp-block-button__link\" href=\"https:\/\/maximilianostia.com\/en\/espectaculo-de-cartonutti-y-el-medio-ambiente\/\">learn more<\/a><\/div>\n<\/div>\n<\/div><\/div>\n\n\n\n<div style=\"height:30px\" aria-hidden=\"true\" class=\"wp-block-spacer\"><\/div>\n\n\n\n<div class=\"wp-block-media-text alignwide is-stacked-on-mobile\"><figure class=\"wp-block-media-text__media\"><img loading=\"lazy\" decoding=\"async\" width=\"1000\" height=\"665\" src=\"https:\/\/maximilianostia.com\/wp-content\/uploads\/2022\/09\/e-Maximiliano-Stia-Mago-en-Barcelona.webp\" alt=\"Elephant Magic Show-Maximiliano-Stia-Mago-en-Barcelona\" class=\"wp-image-4927 size-full\" srcset=\"https:\/\/maximilianostia.com\/wp-content\/uploads\/2022\/09\/e-Maximiliano-Stia-Mago-en-Barcelona.webp 1000w, https:\/\/maximilianostia.com\/wp-content\/uploads\/2022\/09\/e-Maximiliano-Stia-Mago-en-Barcelona-300x200.webp 300w, https:\/\/maximilianostia.com\/wp-content\/uploads\/2022\/09\/e-Maximiliano-Stia-Mago-en-Barcelona-768x511.webp 768w, https:\/\/maximilianostia.com\/wp-content\/uploads\/2022\/09\/e-Maximiliano-Stia-Mago-en-Barcelona-370x246.webp 370w, https:\/\/maximilianostia.com\/wp-content\/uploads\/2022\/09\/e-Maximiliano-Stia-Mago-en-Barcelona-760x505.webp 760w\" sizes=\"(max-width: 1000px) 100vw, 1000px\" \/><\/figure><div class=\"wp-block-media-text__content\">\n<h2 class=\"wp-block-heading\">Elephant Magic Show<\/h2>\n\n\n\n<p>For a good show it is not necessary to use animals for real. Lulu, our amazing elephanta, will accompany us on a series of games and magic unforgettable.<\/p>\n\n\n\n<div class=\"wp-block-buttons is-layout-flex wp-block-buttons-is-layout-flex\">\n<div class=\"wp-block-button is-style-outline is-style-outline--6\"><a class=\"wp-block-button__link\" href=\"https:\/\/maximilianostia.com\/en\/esectaculo-de-magia-elephant-magic-show\/\">learn more<\/a><\/div>\n<\/div>\n<\/div><\/div>\n\n\n\n<div style=\"height:30px\" aria-hidden=\"true\" class=\"wp-block-spacer\"><\/div>\n\n\n\n<div class=\"wp-block-media-text alignwide is-stacked-on-mobile\"><figure class=\"wp-block-media-text__media\"><img loading=\"lazy\" decoding=\"async\" width=\"1000\" height=\"665\" src=\"https:\/\/maximilianostia.com\/wp-content\/uploads\/2022\/09\/ximiliano_Stia_Magia_Para_Ni195177os.webp\" alt=\"Maximiliano_Stia_Magia_Magia para ni\u00f1os\" class=\"wp-image-4939 size-full\" srcset=\"https:\/\/maximilianostia.com\/wp-content\/uploads\/2022\/09\/ximiliano_Stia_Magia_Para_Ni195177os.webp 1000w, https:\/\/maximilianostia.com\/wp-content\/uploads\/2022\/09\/ximiliano_Stia_Magia_Para_Ni195177os-300x200.webp 300w, https:\/\/maximilianostia.com\/wp-content\/uploads\/2022\/09\/ximiliano_Stia_Magia_Para_Ni195177os-768x511.webp 768w, https:\/\/maximilianostia.com\/wp-content\/uploads\/2022\/09\/ximiliano_Stia_Magia_Para_Ni195177os-370x246.webp 370w, https:\/\/maximilianostia.com\/wp-content\/uploads\/2022\/09\/ximiliano_Stia_Magia_Para_Ni195177os-760x505.webp 760w\" sizes=\"(max-width: 1000px) 100vw, 1000px\" \/><\/figure><div class=\"wp-block-media-text__content\">\n<h2 class=\"wp-block-heading\">Magic for children<\/h2>\n\n\n\n<p>The more small as the protagonists of this great magic show. Ideal for birthdays and communions where the honoree will be the center of attention for your event unforgettable.<\/p>\n\n\n\n<div class=\"wp-block-buttons is-layout-flex wp-block-buttons-is-layout-flex\">\n<div class=\"wp-block-button is-style-outline is-style-outline--7\"><a class=\"wp-block-button__link\" href=\"https:\/\/maximilianostia.com\/en\/espectaculo-de-magia-para-ninos\/\">learn more<\/a><\/div>\n<\/div>\n<\/div><\/div>\n\n\n\n<div style=\"height:30px\" aria-hidden=\"true\" class=\"wp-block-spacer\"><\/div>\n\n\n\n<div class=\"wp-block-media-text alignwide is-stacked-on-mobile\"><figure class=\"wp-block-media-text__media\"><img loading=\"lazy\" decoding=\"async\" width=\"1000\" height=\"562\" src=\"https:\/\/maximilianostia.com\/wp-content\/uploads\/2022\/09\/Maximiliano-Stia-Doma-tus-Miedos-Latigo-Barcelona.webp\" alt=\"Maximiliano Stia Doma tus Miedos Latigo Barcelona\" class=\"wp-image-4961 size-full\" srcset=\"https:\/\/maximilianostia.com\/wp-content\/uploads\/2022\/09\/Maximiliano-Stia-Doma-tus-Miedos-Latigo-Barcelona.webp 1000w, https:\/\/maximilianostia.com\/wp-content\/uploads\/2022\/09\/Maximiliano-Stia-Doma-tus-Miedos-Latigo-Barcelona-300x169.webp 300w, https:\/\/maximilianostia.com\/wp-content\/uploads\/2022\/09\/Maximiliano-Stia-Doma-tus-Miedos-Latigo-Barcelona-768x432.webp 768w, https:\/\/maximilianostia.com\/wp-content\/uploads\/2022\/09\/Maximiliano-Stia-Doma-tus-Miedos-Latigo-Barcelona-370x208.webp 370w, https:\/\/maximilianostia.com\/wp-content\/uploads\/2022\/09\/Maximiliano-Stia-Doma-tus-Miedos-Latigo-Barcelona-760x427.webp 760w, https:\/\/maximilianostia.com\/wp-content\/uploads\/2022\/09\/Maximiliano-Stia-Doma-tus-Miedos-Latigo-Barcelona-270x152.webp 270w\" sizes=\"(max-width: 1000px) 100vw, 1000px\" \/><\/figure><div class=\"wp-block-media-text__content\">\n<h2 class=\"wp-block-heading\">Taming Your Fears<\/h2>\n\n\n\n<p>A show amazing in focus to the business world with a message of overcoming where no shortage of laughter.<\/p>\n\n\n\n<div class=\"wp-block-buttons is-layout-flex wp-block-buttons-is-layout-flex\">\n<div class=\"wp-block-button is-style-outline is-style-outline--8\"><a class=\"wp-block-button__link\" href=\"https:\/\/maximilianostia.com\/en\/espectaculo-de-magia-doma-tus-miedos\/\">learn more<\/a><\/div>\n<\/div>\n<\/div><\/div>\n\n\n\n<hr class=\"wp-block-separator has-alpha-channel-opacity\"\/>\n\n\n\n<h3 class=\"has-text-align-center wp-block-heading\">The Performances of Maximilian Stia In The Palace Of The Magic<\/h3>\n\n\n\n<p class=\"has-text-align-center\">Los espect\u00e1culos de Maximiliano Stia se pueden contratar y llevar a todo tipo de escenarios, es decir, ya sea un festival internacional, la fiesta mayor de tu pueblo \u00f3 incluso una fiesta de cumplea\u00f1os en tu hogar, cubrimos ese espacio con espect\u00e1culos llenos de magia y diversi\u00f3n. Todos los show son \u00abflexibles\u00bb y se adaptan al evento de manera que la escancia de la actuaci\u00f3n seguir\u00e1 siendo la misma.<\/p>\n\n\n\n<div style=\"height:15px\" aria-hidden=\"true\" class=\"wp-block-spacer\"><\/div>\n\n\n<div class=\"wp-block-image\">\n<figure class=\"aligncenter size-full\"><img loading=\"lazy\" decoding=\"async\" width=\"1000\" height=\"667\" src=\"https:\/\/maximilianostia.com\/wp-content\/uploads\/2022\/10\/Espectaculos-de-Maximiliano-Stia-Mago-en-el-palacio-de-la-magia.jpg\" alt=\"Espectaculos-de-Maximiliano-Stia-Mago-en-el-palacio-de-la-magia\" class=\"wp-image-5319\" srcset=\"https:\/\/maximilianostia.com\/wp-content\/uploads\/2022\/10\/Espectaculos-de-Maximiliano-Stia-Mago-en-el-palacio-de-la-magia.jpg 1000w, https:\/\/maximilianostia.com\/wp-content\/uploads\/2022\/10\/Espectaculos-de-Maximiliano-Stia-Mago-en-el-palacio-de-la-magia-300x200.jpg 300w, https:\/\/maximilianostia.com\/wp-content\/uploads\/2022\/10\/Espectaculos-de-Maximiliano-Stia-Mago-en-el-palacio-de-la-magia-768x512.jpg 768w, https:\/\/maximilianostia.com\/wp-content\/uploads\/2022\/10\/Espectaculos-de-Maximiliano-Stia-Mago-en-el-palacio-de-la-magia-370x247.jpg 370w, https:\/\/maximilianostia.com\/wp-content\/uploads\/2022\/10\/Espectaculos-de-Maximiliano-Stia-Mago-en-el-palacio-de-la-magia-760x507.jpg 760w\" sizes=\"(max-width: 1000px) 100vw, 1000px\" \/><\/figure><\/div>\n\n\n<div style=\"height:15px\" aria-hidden=\"true\" class=\"wp-block-spacer\"><\/div>\n\n\n\n<h5 class=\"has-text-align-center wp-block-heading\">You can hire these Shows or go see them<\/h5>\n\n\n\n<p class=\"has-text-align-center\">The Performances of Maximilian also you can see and witness in the <strong><a href=\"https:\/\/elpalaciodelamagia.com\/\">Palace of the Magic<\/a><\/strong>. You can check your agenda and happen to enjoy live any of these Shows, and many other more that are scheduled on a monthly basis with guest artists. <\/p>\n\n\n\n<p class=\"has-text-align-center\">If you want to consult and hire some of the shows of Maximilian Stia do not hesitate to get in <strong><a href=\"https:\/\/maximilianostia.com\/en\/contacta-con-el-mago-maximiliano-stia\/\">contact<\/a><\/strong> through our contact form or by calling us by phone.  <\/p>\n\n\n\n<p class=\"has-text-align-center\">We look forward to your inquiry!<\/p>","protected":false},"excerpt":{"rendered":"<p>Espect\u00e1culos de Maximiliano Stia Mi experiencia al servicio del espect\u00e1culo En esta p\u00e1gina tengo el agrado de presentarte los mejores&hellip;<\/p>","protected":false},"author":1,"featured_media":4762,"parent":0,"menu_order":2,"comment_status":"closed","ping_status":"closed","template":"elementor_header_footer","meta":{"footnotes":""},"yst_prominent_words":[],"class_list":["post-4875","page","type-page","status-publish","has-post-thumbnail","hentry"],"_links":{"self":[{"href":"https:\/\/maximilianostia.com\/en\/wp-json\/wp\/v2\/pages\/4875","targetHints":{"allow":["GET"]}}],"collection":[{"href":"https:\/\/maximilianostia.com\/en\/wp-json\/wp\/v2\/pages"}],"about":[{"href":"https:\/\/maximilianostia.com\/en\/wp-json\/wp\/v2\/types\/page"}],"author":[{"embeddable":true,"href":"https:\/\/maximilianostia.com\/en\/wp-json\/wp\/v2\/users\/1"}],"replies":[{"embeddable":true,"href":"https:\/\/maximilianostia.com\/en\/wp-json\/wp\/v2\/comments?post=4875"}],"version-history":[{"count":48,"href":"https:\/\/maximilianostia.com\/en\/wp-json\/wp\/v2\/pages\/4875\/revisions"}],"predecessor-version":[{"id":5324,"href":"https:\/\/maximilianostia.com\/en\/wp-json\/wp\/v2\/pages\/4875\/revisions\/5324"}],"wp:featuredmedia":[{"embeddable":true,"href":"https:\/\/maximilianostia.com\/en\/wp-json\/wp\/v2\/media\/4762"}],"wp:attachment":[{"href":"https:\/\/maximilianostia.com\/en\/wp-json\/wp\/v2\/media?parent=4875"}],"wp:term":[{"taxonomy":"yst_prominent_words","embeddable":true,"href":"https:\/\/maximilianostia.com\/en\/wp-json\/wp\/v2\/yst_prominent_words?post=4875"}],"curies":[{"name":"wp","href":"https:\/\/api.w.org\/{rel}","templated":true}]}}