{"id":3870,"date":"2021-11-15T07:32:54","date_gmt":"2021-11-15T06:32:54","guid":{"rendered":"https:\/\/maximilianostia.com\/?page_id=3870"},"modified":"2022-10-06T12:15:17","modified_gmt":"2022-10-06T10:15:17","slug":"politica-de-privacidad-cookies-aviso-legal","status":"publish","type":"page","link":"https:\/\/maximilianostia.com\/en\/politica-de-privacidad-cookies-aviso-legal\/","title":{"rendered":"Pol\u00edtica de Privacidad cookies Aviso Legal"},"content":{"rendered":"<p>Maximiliano Stia Grossi\u00a0 le garantiza que:<br>\u2022 Sus datos personales est\u00e1n protegidos en elpalaciodelamagia\u2022 Usted controla sus datos personales.<br>\u2022 Usted puede borrar sus datos cuando quiera.<br>\u00a0<br>1. TRATAMIENTO DE DATOS DE CAR\u00c1CTER PERSONAL DE LOS USUARIOS<br>Versi\u00f3n actualizada al RGPD.<br>Para prestarle nuestros servicios, El palacio de la Magia necesita recopilar determinada informaci\u00f3n acerca de usted y en esta Pol\u00edtica de Privacidad describimos qu\u00e9 informaci\u00f3n se recopila acerca de usted, qu\u00e9 tratamiento recibe y c\u00f3mo puede gestionar y controlar el uso a esta informaci\u00f3n.<br>Al utilizar o interactuar con el Servicio, otorga un contrato vinculante con el Palacio de la Magia\u00a0 y acepta el uso de su informaci\u00f3n conforme se explica en esta Pol\u00edtica de Privacidad. Si no est\u00e1 de acuerdo con estos t\u00e9rminos, por favor no utilice el Servicio.<br>Las referencias a Clientes, Usuarios, El Palacio de la Magia, Servicio, Administrador de la Cuenta, Licencia, Orden de compra, Registro online, Sitio Web o T\u00e9rminos y Condiciones deben entenderse seg\u00fan se definen en los T\u00e9rminos y Condiciones de Uso.<br>\u00a0<br>2. \u00bfQU\u00c9 TIPO DE INFORMACI\u00d3N RECABA Y USA El PALACIO DE LA MAGIA?<br>El Palacio de la Magia puede recolectar y usar informaci\u00f3n sobre usted, que incluye, de manera enunciativa pero no taxativa, informaci\u00f3n de los siguientes tipos:<br>(a) Informaci\u00f3n identificativa (por ejemplo, nombre, nombre de usuario, direcci\u00f3n de correo electr\u00f3nico, documento de identificaci\u00f3n\u2026).<br>(b) Informaci\u00f3n del perfil (por ejemplo, edad, sexo, pa\u00eds de residencia, preferencia de idioma, preferencias de pr\u00e1ctica y toda informaci\u00f3n que decida poner en su perfil de usuario de El Palacio e la Magia )<br>(c) Informaci\u00f3n de identificaci\u00f3n electr\u00f3nica (por ejemplo, direcciones IP, cookies).<br>(d) Informaci\u00f3n bancaria y de pagos (por ejemplo, informaci\u00f3n de tarjeta de cr\u00e9dito, n\u00famero de cuenta).<br>(e) Calidad de la b\u00fasqueda y resultados de las encuestas.<br>(f) Informaci\u00f3n sobre la interacci\u00f3n y el uso que usted hace de los Servicios de El Palacio de la Magia, nuestros productos y sitios web, incluida informaci\u00f3n de conexi\u00f3n, de plataforma, del dispositivo y del equipo; informaci\u00f3n sobre el desempe\u00f1o de los usuarios, informes de errores, capacidad de los dispositivos; ancho de banda; estad\u00edsticas sobre vistas de p\u00e1ginas; tr\u00e1fico desde nuestros sitios web y hacia ellos; estad\u00edsticas de uso.<br>(g) Correspondencia entre El Palacio de la Magia y usted.<br>(h) Informaci\u00f3n de las b\u00fasquedas realizadas y de los videos a los que ha accedido. Informaci\u00f3n de sus interacciones con los videos (por ejemplo, marcar como favorito, visualizaci\u00f3n\u2026)<br>(i)\u00a0 N\u00famero de usuarios en su Organizaci\u00f3n<br>\u00a0<br>3. \u00bfC\u00d3MO UTILIZA El PALACIO DE LA MAGIA DICHA INFORMACI\u00d3N Y CON QU\u00c9 FIN?<br>Nuestro principal objetivo al recabar informaci\u00f3n es proporcionarle al usuario una experiencia segura, eficiente, personalizada y sin contratiempos. El Palacio de la Magia recaba y usa informaci\u00f3n personal relacionada con usted, o bien delega a proveedores de servicio de terceros la tarea de recopilar y usar dichos datos en nombre de El palacio de la Magia seg\u00fan est\u00e9 permitido o sea necesario para:<br>\u2022 brindarle otros servicios (seg\u00fan se indique al momento de recabar la informaci\u00f3n)<br>\u2022 comparar informaci\u00f3n para verificar su precisi\u00f3n<br>\u2022 informarle sobre fallos y actualizaciones de servicios<br>\u2022 solicitarle su opini\u00f3n o participaci\u00f3n en encuestas electr\u00f3nicas<br>\u2022 resolver disputas<br>\u2022 verificar su identidad<br>\u2022 personalizar, evaluar y mejorar los Servicios de El Palacio de la Magia y sus Contenidos<br>\u2022 organizar y llevar a cabo ofertas u operaciones de promoci\u00f3n o marketing de El Palacio de la Magia<br>\u2022 proteger sus intereses y los de El Palacio de la Magia<br>\u00a0<br>4. NUESTRA DIVULGACI\u00d3N DE SU INFORMACI\u00d3N PERSONAL<br>Salvo seg\u00fan lo especificado m\u00e1s adelante, El Palacio de la Magia no vender\u00e1, alquilar\u00e1, comercializar\u00e1 ni transferir\u00e1 ning\u00fan tipo de informaci\u00f3n personal o de tr\u00e1fico ni el contenido de las comunicaciones fuera de El Palacio de la Magia a menos que tenga la obligaci\u00f3n de hacerlo conforme a las leyes vigentes o a lo establecido por las autoridades competentes.<br>El Palacio de la Magia puede divulgar informaci\u00f3n personal para responder a exigencias legales, proteger nuestros derechos legales o defendernos de demandas judiciales, proteger los intereses de elPalacio de la Magia , luchar contra el fraude y exigir el cumplimiento de las pol\u00edticas de el Palacio de la Magia o proteger los derechos, la propiedad o la seguridad de cualquier persona.<br>Con el fin de brindar al usuario los productos de el Palacio de la Magia que haya solicitado, el Palacio de la Magia podr\u00e1, en algunos casos y de ser necesario, compartir su informaci\u00f3n personal con compa\u00f1\u00edas subsidiarias y afiliados y\/o con proveedores de servicios que sean socios de el Palacio de la Magia. En todos los casos el Palacio de la Magia exigir\u00e1 a dichos terceros tomar las medidas organizativas y t\u00e9cnicas necesarias a fin de proteger su informaci\u00f3n personal y de tr\u00e1fico y respetar la legislaci\u00f3n correspondiente. Ejemplos de compa\u00f1\u00edas con las que el Palacio de la Magia puede compartir su informaci\u00f3n personal son:<br>\u2022 Distribuidores de los Servicios de el Palacio de la Magia<br>\u2022 Compa\u00f1\u00edas de Billings (plataformas de facturaci\u00f3n autom\u00e1tica)<br>\u2022 Procesadores de pagos<br>\u2022 Auditores<br>\u2022 Agencias de referencia del cr\u00e9dito o de lucha contra el fraude y Ficheros de Insolvencia<br>\u2022 Entidades bancarias y compa\u00f1\u00edas de servicios financieros<br>\u2022 Compa\u00f1\u00edas de Marketing y Relaciones P\u00fablicas, incluyendo compa\u00f1\u00edas de env\u00edo de correo electr\u00f3nico y compa\u00f1\u00edas de Servicios Anal\u00edticos<br>\u2022 Datacenters y Compa\u00f1\u00edas de Hospedaje, como Amazon Web Services, LLC (EEUU)<br>\u2022 Proveedores de Software en l\u00ednea, como SARL (Suiza), Salesforce.com, Mixpanel, Inc. (EEUU) o Kissmetrics, Inc. (EEUU)<br>\u2022 Compa\u00f1\u00edas de Publicidad Online, como Google, Facebook\u2026 Inc. (EEUU)<br>El Palacio de la Magia y sus afiliados podr\u00e1n suministrar informaci\u00f3n personal a una autoridad gubernamental, judicial u organismo de seguridad que solicite dicha informaci\u00f3n conforme a la ley. Elpalaciodelamagia\u00a0 proporcionar\u00e1 la colaboraci\u00f3n e informaci\u00f3n razonables para responder a dicha solicitud y, por el presente, usted es informado a este respecto.<br>\u00a0<br>\u00a0\u00bfC\u00d3MO USA LAS COOKIES el Palacio de la Magia?<br>El Palacio de la Magia usa sus propias cookies para una variedad de fines, entre ellos, los siguientes:<br>\u2022 Recordar sus preferencias elegidas, por ejemplo el idioma que elige para ver nuestro sitio web<br>\u2022 Luchar contra el fraude<br>\u2022 Controlar la eficacia y el rendimiento de nuestras campa\u00f1as de publicidad y marketing y realizar investigaciones a fin de ayudarnos a mejorar nuestros productos y sitios web<br>\u2022 Dar curso a medidas de seguridad, por ejemplo, la desconexi\u00f3n transcurrido un tiempo determinado<br>\u2022 Proporcionar anuncios de el Palacio de la Magia que sean acordes a sus intereses cuando visite otros sitios que muestren publicidad de el Palacio de la Magia<br>\u00a0<br>\u2022 Cookies de terceros el Palacio de la Magia, los afiliados y socios de servicios publicitarios y an\u00e1lisis de el Palacio de la Magia pueden configurar cookies y acceder a cookies de su equipo, cuando usted est\u00e9 visitando el sitio web de el Palacio de la Magia.<br>\u00a0<br>el Palacio de la Magia usa socios para an\u00e1lisis, entre ellos, Google Analytics y Mixpanel, a fin de recopilar informaci\u00f3n de estad\u00edsticas y de an\u00e1lisis sobre c\u00f3mo los usuarios usan los sitios web y los Servicios de el Palacio de la Magia. Por ejemplo, estos socios recopilan y a\u00f1aden datos acerca de las vistas de p\u00e1gina y los clics en nuestros sitios, los motores de b\u00fasqueda y las palabras clave que se usan para encontrar nuestros sitios, los v\u00ednculos a los que se accede desde ellos, informaci\u00f3n sobre errores y bloqueos de nuestros clientes e informaci\u00f3n similar.<br>\u2022 \u00a0Otro contenido de terceros<br>A veces, los sitios web de el Palacio de la Magia pueden incluir widgets o contenido de video incorporado de terceros, como YouTube. Cuando usted visualiza este contenido o usa el widget, puede estar aceptando cookies de estos sitios web. Estas cookies no est\u00e1n dentro de nuestro control. Para obtener m\u00e1s informaci\u00f3n, debe comunicarse con el sitio correspondiente.<br>\u00a0\u00a0\u00a0<br>3. Sus opciones de cookies<br>No recomendamos que restrinja o bloquee cookies, ya que esto puede afectar el funcionamiento de nuestros Servicios y Sitios web. Sin embargo, si decide hacerlo, puede encontrar informaci\u00f3n exhaustiva en, (Europa) o (Estados Unidos). Si necesitas m\u00e1s informaci\u00f3n sobre la configuraci\u00f3n de las cookies navegaci\u00f3n, accede a Gesti\u00f3n de cookies en nuestro Help.<br>\u00a0<br>. SITIOS WEB VINCULADOS Y APLICACIONES DE TERCEROS<br>En los sitios web de el Palacio de la Magia, puede haber v\u00ednculos que dejar\u00e1n que usted abandone el sitio de el Palacio de la Magia y tenga acceso a otro sitio web. Los sitios vinculados no est\u00e1n bajo el control de el Palacio de la Magia y tienen pol\u00edticas de privacidad diferentes. La Pol\u00edtica de Privacidad de el Palacio de la Magia solo afecta la informaci\u00f3n personal que se obtiene de los sitios web, a trav\u00e9s del uso que usted hace de la web. Por esta raz\u00f3n, el Palacio de la Magia insta al usuario a ser cuidadoso al momento de introducir cualquier tipo de informaci\u00f3n personal en Internet. el Palacio de la Magia no acepta responsabilidad alguna por dichos sitios web<br>\u00a0<br>\u00a0\u00bfC\u00d3MO PROTEGEL PALACIO DE LA MAGIA SU INFORMACI\u00d3N PERSONAL?<br>El Palacio de la Magia deber\u00e1 tomar las medidas t\u00e9cnicas y organizativas apropiadas para proteger la informaci\u00f3n personal y la informaci\u00f3n de b\u00fasqueda que se le proporcion\u00f3 o que recab\u00f3, con el debido cumplimiento de las obligaciones y excepciones correspondientes conforme a la legislaci\u00f3n vigente. Solo podr\u00e1n tener acceso a la informaci\u00f3n personal del usuario o a informaci\u00f3n de tr\u00e1fico empleados autorizados de el Palacio de la Magia o sus afiliados, subsidiarias o proveedores de servicios que necesiten acceder a dicha informaci\u00f3n para poder cumplir con sus tareas laborales.<br>. \u00bfC\u00d3MO PUEDE ACCEDER O MODIFICAR SUS DATOS PERSONALES?<br>En cualquier momento podr\u00e1 ejercitar sus derechos de acceso, rectificaci\u00f3n, cancelaci\u00f3n y oposici\u00f3n, as\u00ed como, en su caso, el derecho de portabilidad y limitaci\u00f3n del tratamiento, recogidos en el RGPD (UE) 216\/679, dirigi\u00e9ndose a: \u00a0 calle Valero, 10, Barcelona o mediante correo electr\u00f3nico a\u00a0<a class=\"\" href=\"mailto:info@elpalaciodelamagia.com\">info@elpalaciodelamagia.com<\/a>\u00a0En cualquier caso, puede dirigirse a la Agencia Espa\u00f1ola de Protecci\u00f3n de Datos\u00a0<a class=\"\" href=\"http:\/\/www.agpd.es\/\">www.agpd.es<\/a>, para iniciar los tr\u00e1mites oportunos en defensa de sus derechos.<br>\u00a0<br>. \u00bfSE PUEDE MODIFICAR ESTA POL\u00cdTICA DE PRIVACIDAD?<br>En algunos casos, el Palacio de la Magia actualizar\u00e1 esta Pol\u00edtica de Privacidad para reflejar los cambios en nuestros Servicios y comentarios del cliente. Cuando publiquemos cambios en la Pol\u00edtica de Privacidad actualizaremos la fecha de \u201c\u00faltima revisi\u00f3n\u201d al pie de la Pol\u00edtica de Privacidad. Si hay cambios importantes en esta Pol\u00edtica de Privacidad o sobre c\u00f3mo usamos su informaci\u00f3n personal, lo notificaremos publicando un aviso visible de dichos cambios antes de su implementaci\u00f3n o envi\u00e1ndole directamente una notificaci\u00f3n. Usted acuerda que la continuaci\u00f3n de su uso de los Servicios de el Palacio de la Magia despu\u00e9s de haber sido notificado constituyen su aceptaci\u00f3n de la Pol\u00edtica de Privacidad. Le recomendamos que revise peri\u00f3dicamente esta Pol\u00edtica de Privacidad para informarse sobre c\u00f3mo el Palacio de la Magia recopila, usa y protege su informaci\u00f3n.<br>. FORMULARIOS DE CONTACTO O\u00a0 SOLICITUD DE INFORMACI\u00d3N<br>En el caso de que nos contactes a trav\u00e9s de alguno de nuestros formularios de contacto o de solicitud de informaci\u00f3n, la finalidad del tratamiento de tus datos ser\u00e1 la de dar respuesta a tu consulta con el fin de facilitarte informaci\u00f3n de inter\u00e9s sobre la actividad de el Palacio de la Magia e informarte a sobre nuestros productos y servicios, y podremos hacerlo poni\u00e9ndonos en contacto contigo por v\u00eda electr\u00f3nica.<br>Tambi\u00e9n podremos ponernos en contacto con usted para informarle sobre novedades, ofertas o promociones de el Palacio de la Magia por estas mismas v\u00edas (electr\u00f3nica) en base a nuestro inter\u00e9s general corporativo.<br>No utilizaremos sus datos para otras finalidades ni los cederemos a terceros en ning\u00fan caso.<br>Los datos relacionados con tu consulta o solicitud de informaci\u00f3n se conservar\u00e1n durante el tiempo necesario para dar respuesta a tu consulta, y para atender a nuestras obligaciones legales. En ning\u00fan caso por un periodo superior a los 5 a\u00f1os desde su consulta.<br>\u00a0CONTRATACIONES ON-LINE DE LAS CLASES Y SUS SERVICIOS\u00a0<br>El cliente que contrata on-line el alta como cliente el Palacio de la Magia asume y acepta en este momento que:<br>\u2022 La contrataci\u00f3n la hace libremente, y previa y debidamente informado de las condiciones;<br>\u2022 Declara ser mayor de edad y disponer de la capacidad jur\u00eddica suficiente para vincularse por las condiciones a los servicios on-line.<br>\u00a0<br>* POL\u00cdTICAS DE CANCELACI\u00d3N<br>Pol\u00edtica de cancelaci\u00f3n del abono mensual<br>La cancelaci\u00f3n del servicio la puede hacer en cualquier momento, pero una vez cobrada la mensualidad no habr\u00e1 reembolso.<br>Pol\u00edtica de cancelaci\u00f3n\u00a0 para el Palacio de la Magia en sus servicios\u00a0<br>Para las clases online privadas en directo a trav\u00e9s Jitsi Meet al momento de reservar la fecha y hora precisas para la clase, se debe hacer el pago completo. Si desea cambiar la fecha programada, esto solo se puede hacer hasta 2 d\u00edas antes de la clase. Esto significa que, si organizamos la clase el viernes, puede cambiar la fecha y la hora hasta el mi\u00e9rcoles sin ning\u00fan costo y podemos encontrar un nuevo horario que funcione para ambos. No habr\u00e1 reembolso por cancelaciones o reorganizaciones de tiempo con menos de 2 d\u00edas de anticipaci\u00f3n<\/p>","protected":false},"excerpt":{"rendered":"<p>Maximiliano Stia Grossi\u00a0 le garantiza que:\u2022 Sus datos personales est\u00e1n protegidos en elpalaciodelamagia\u2022 Usted controla sus datos personales.\u2022 Usted puede&hellip;<\/p>","protected":false},"author":1,"featured_media":0,"parent":0,"menu_order":20,"comment_status":"closed","ping_status":"closed","template":"","meta":{"footnotes":""},"yst_prominent_words":[],"class_list":["post-3870","page","type-page","status-publish","hentry"],"_links":{"self":[{"href":"https:\/\/maximilianostia.com\/en\/wp-json\/wp\/v2\/pages\/3870","targetHints":{"allow":["GET"]}}],"collection":[{"href":"https:\/\/maximilianostia.com\/en\/wp-json\/wp\/v2\/pages"}],"about":[{"href":"https:\/\/maximilianostia.com\/en\/wp-json\/wp\/v2\/types\/page"}],"author":[{"embeddable":true,"href":"https:\/\/maximilianostia.com\/en\/wp-json\/wp\/v2\/users\/1"}],"replies":[{"embeddable":true,"href":"https:\/\/maximilianostia.com\/en\/wp-json\/wp\/v2\/comments?post=3870"}],"version-history":[{"count":3,"href":"https:\/\/maximilianostia.com\/en\/wp-json\/wp\/v2\/pages\/3870\/revisions"}],"predecessor-version":[{"id":5572,"href":"https:\/\/maximilianostia.com\/en\/wp-json\/wp\/v2\/pages\/3870\/revisions\/5572"}],"wp:attachment":[{"href":"https:\/\/maximilianostia.com\/en\/wp-json\/wp\/v2\/media?parent=3870"}],"wp:term":[{"taxonomy":"yst_prominent_words","embeddable":true,"href":"https:\/\/maximilianostia.com\/en\/wp-json\/wp\/v2\/yst_prominent_words?post=3870"}],"curies":[{"name":"wp","href":"https:\/\/api.w.org\/{rel}","templated":true}]}}